{"id":1500,"date":"2023-10-30T10:26:51","date_gmt":"2023-10-30T09:26:51","guid":{"rendered":"https:\/\/igjarmugyartas.hu\/?page_id=1500"},"modified":"2023-12-13T10:07:50","modified_gmt":"2023-12-13T09:07:50","slug":"igj-grederek-es-tololapok","status":"publish","type":"page","link":"https:\/\/igjarmugyartas.hu\/en\/igj-grederek-es-tololapok\/","title":{"rendered":"IGJ graders and sliding plates"},"content":{"rendered":"<div data-elementor-type=\"wp-page\" data-elementor-id=\"1500\" class=\"elementor elementor-1500\">\n\t\t\t\t\t\t<section class=\"elementor-section elementor-top-section elementor-element elementor-element-043a068 elementor-section-boxed elementor-section-height-default elementor-section-height-default\" data-id=\"043a068\" data-element_type=\"section\">\n\t\t\t\t\t\t<div class=\"elementor-container elementor-column-gap-default\">\n\t\t\t\t\t<div class=\"elementor-column elementor-col-100 elementor-top-column elementor-element elementor-element-91aaf44\" data-id=\"91aaf44\" data-element_type=\"column\">\n\t\t\t<div class=\"elementor-widget-wrap\">\n\t\t\t\t\t\t\t<\/div>\n\t\t<\/div>\n\t\t\t\t\t<\/div>\n\t\t<\/section>\n\t\t\t\t<section class=\"elementor-section elementor-top-section elementor-element elementor-element-e46544e elementor-section-height-min-height elementor-section-boxed elementor-section-height-default elementor-section-items-middle\" data-id=\"e46544e\" data-element_type=\"section\" data-settings=\"{&quot;background_background&quot;:&quot;slideshow&quot;,&quot;background_slideshow_gallery&quot;:[{&quot;id&quot;:1512,&quot;url&quot;:&quot;https:\\\/\\\/igjarmugyartas.hu\\\/wp-content\\\/uploads\\\/2023\\\/10\\\/IMGP7476-scaled.webp&quot;}],&quot;background_slideshow_loop&quot;:&quot;yes&quot;,&quot;background_slideshow_slide_duration&quot;:5000,&quot;background_slideshow_slide_transition&quot;:&quot;fade&quot;,&quot;background_slideshow_transition_duration&quot;:500}\">\n\t\t\t\t\t\t<div class=\"elementor-container elementor-column-gap-no\">\n\t\t\t\t\t<div class=\"elementor-column elementor-col-100 elementor-top-column elementor-element elementor-element-78b1e93\" data-id=\"78b1e93\" data-element_type=\"column\">\n\t\t\t<div class=\"elementor-widget-wrap elementor-element-populated\">\n\t\t\t\t\t\t<div class=\"elementor-element elementor-element-2d8fb52 elementor-widget elementor-widget-heading\" data-id=\"2d8fb52\" data-element_type=\"widget\" data-widget_type=\"heading.default\">\n\t\t\t\t<div class=\"elementor-widget-container\">\n\t\t\t\t\t<h1 class=\"elementor-heading-title elementor-size-default\">IGJ graders and sliding plates<\/h1>\t\t\t\t<\/div>\n\t\t\t\t<\/div>\n\t\t\t\t<section class=\"elementor-section elementor-inner-section elementor-element elementor-element-9cb96ee elementor-section-boxed elementor-section-height-default elementor-section-height-default\" data-id=\"9cb96ee\" data-element_type=\"section\" data-settings=\"{&quot;background_background&quot;:&quot;gradient&quot;}\">\n\t\t\t\t\t\t<div class=\"elementor-container elementor-column-gap-default\">\n\t\t\t\t\t<div class=\"elementor-column elementor-col-100 elementor-inner-column elementor-element elementor-element-d5b95ec\" data-id=\"d5b95ec\" data-element_type=\"column\">\n\t\t\t<div class=\"elementor-widget-wrap elementor-element-populated\">\n\t\t\t\t\t\t<div class=\"elementor-element elementor-element-d9ee5ba elementor-widget elementor-widget-button\" data-id=\"d9ee5ba\" data-element_type=\"widget\" data-widget_type=\"button.default\">\n\t\t\t\t<div class=\"elementor-widget-container\">\n\t\t\t\t\t\t\t\t\t<div class=\"elementor-button-wrapper\">\n\t\t\t\t\t<a class=\"elementor-button elementor-button-link elementor-size-sm\" href=\"https:\/\/igjarmugyartas.hu\/en\/contact-us\/\">\n\t\t\t\t\t\t<span class=\"elementor-button-content-wrapper\">\n\t\t\t\t\t\t\t\t\t<span class=\"elementor-button-text\">Contact<\/span>\n\t\t\t\t\t<\/span>\n\t\t\t\t\t<\/a>\n\t\t\t\t<\/div>\n\t\t\t\t\t\t\t\t<\/div>\n\t\t\t\t<\/div>\n\t\t\t\t\t<\/div>\n\t\t<\/div>\n\t\t\t\t\t<\/div>\n\t\t<\/section>\n\t\t\t\t\t<\/div>\n\t\t<\/div>\n\t\t\t\t\t<\/div>\n\t\t<\/section>\n\t\t\t\t<section class=\"elementor-section elementor-top-section elementor-element elementor-element-121b06f elementor-section-boxed elementor-section-height-default elementor-section-height-default\" data-id=\"121b06f\" data-element_type=\"section\">\n\t\t\t\t\t\t<div class=\"elementor-container elementor-column-gap-default\">\n\t\t\t\t\t<div class=\"elementor-column elementor-col-50 elementor-top-column elementor-element elementor-element-282f244\" data-id=\"282f244\" data-element_type=\"column\">\n\t\t\t<div class=\"elementor-widget-wrap elementor-element-populated\">\n\t\t\t\t\t\t<div class=\"elementor-element elementor-element-9a59c17 elementor-widget elementor-widget-spacer\" data-id=\"9a59c17\" data-element_type=\"widget\" data-widget_type=\"spacer.default\">\n\t\t\t\t<div class=\"elementor-widget-container\">\n\t\t\t\t\t\t\t<div class=\"elementor-spacer\">\n\t\t\t<div class=\"elementor-spacer-inner\"><\/div>\n\t\t<\/div>\n\t\t\t\t\t\t<\/div>\n\t\t\t\t<\/div>\n\t\t\t\t<div class=\"elementor-element elementor-element-db80f38 elementor-widget elementor-widget-image\" data-id=\"db80f38\" data-element_type=\"widget\" data-widget_type=\"image.default\">\n\t\t\t\t<div class=\"elementor-widget-container\">\n\t\t\t\t\t\t\t\t\t\t\t\t\t\t\t<img fetchpriority=\"high\" decoding=\"async\" width=\"1024\" height=\"768\" src=\"https:\/\/igjarmugyartas.hu\/wp-content\/uploads\/2023\/10\/IMGP8194-1024x768.jpg\" class=\"attachment-large size-large wp-image-1517\" alt=\"\" srcset=\"https:\/\/igjarmugyartas.hu\/wp-content\/uploads\/2023\/10\/IMGP8194-1024x768.jpg 1024w, https:\/\/igjarmugyartas.hu\/wp-content\/uploads\/2023\/10\/IMGP8194-300x225.jpg 300w, https:\/\/igjarmugyartas.hu\/wp-content\/uploads\/2023\/10\/IMGP8194-768x576.jpg 768w, https:\/\/igjarmugyartas.hu\/wp-content\/uploads\/2023\/10\/IMGP8194-1536x1152.jpg 1536w, https:\/\/igjarmugyartas.hu\/wp-content\/uploads\/2023\/10\/IMGP8194-2048x1536.jpg 2048w\" sizes=\"(max-width: 1024px) 100vw, 1024px\" \/>\t\t\t\t\t\t\t\t\t\t\t\t\t\t\t<\/div>\n\t\t\t\t<\/div>\n\t\t\t\t\t<\/div>\n\t\t<\/div>\n\t\t\t\t<div class=\"elementor-column elementor-col-50 elementor-top-column elementor-element elementor-element-81190aa\" data-id=\"81190aa\" data-element_type=\"column\">\n\t\t\t<div class=\"elementor-widget-wrap elementor-element-populated\">\n\t\t\t\t\t\t<div class=\"elementor-element elementor-element-8731a78 elementor-widget elementor-widget-spacer\" data-id=\"8731a78\" data-element_type=\"widget\" data-widget_type=\"spacer.default\">\n\t\t\t\t<div class=\"elementor-widget-container\">\n\t\t\t\t\t\t\t<div class=\"elementor-spacer\">\n\t\t\t<div class=\"elementor-spacer-inner\"><\/div>\n\t\t<\/div>\n\t\t\t\t\t\t<\/div>\n\t\t\t\t<\/div>\n\t\t\t\t<div class=\"elementor-element elementor-element-23ac7b3 elementor-widget elementor-widget-heading\" data-id=\"23ac7b3\" data-element_type=\"widget\" data-widget_type=\"heading.default\">\n\t\t\t\t<div class=\"elementor-widget-container\">\n\t\t\t\t\t<h2 class=\"elementor-heading-title elementor-size-default\">Gr\u00e9derek <\/h2>\t\t\t\t<\/div>\n\t\t\t\t<\/div>\n\t\t\t\t<div class=\"elementor-element elementor-element-b20fa82 elementor-widget elementor-widget-text-editor\" data-id=\"b20fa82\" data-element_type=\"widget\" data-widget_type=\"text-editor.default\">\n\t\t\t\t<div class=\"elementor-widget-container\">\n\t\t\t\t\t\t\t\t\t<p>Az IGJ J\u00e1rm\u0171gy\u00e1rt\u00e1s \u00e1ltal gy\u00e1rtott tol\u00f3lapok 1300-2500 mm k\u00f6z\u00f6tti sz\u00e9less\u00e9gben k\u00e9sz\u00fclnek, \u00e9s minden olyan munkag\u00e9phez csatlakoztathat\u00f3ak, amely rendelkezik 3 pont f\u00fcggeszt\u00e9ssel. Alkalmazhat\u00f3 kommun\u00e1lis \u00e9s ipari c\u00e9lra, h\u00f3eltakar\u00edt\u00e1sn\u00e1l \u00e9s talajegyenget\u00e9sn\u00e9l egyar\u00e1nt.<\/p>\t\t\t\t\t\t\t\t<\/div>\n\t\t\t\t<\/div>\n\t\t\t\t<div class=\"elementor-element elementor-element-a227af6 elementor-widget elementor-widget-accordion\" data-id=\"a227af6\" data-element_type=\"widget\" data-widget_type=\"accordion.default\">\n\t\t\t\t<div class=\"elementor-widget-container\">\n\t\t\t\t\t\t\t<div class=\"elementor-accordion\">\n\t\t\t\t\t\t\t<div class=\"elementor-accordion-item\">\n\t\t\t\t\t<div id=\"elementor-tab-title-1701\" class=\"elementor-tab-title\" data-tab=\"1\" role=\"button\" aria-controls=\"elementor-tab-content-1701\" aria-expanded=\"false\">\n\t\t\t\t\t\t\t\t\t\t\t\t\t<span class=\"elementor-accordion-icon elementor-accordion-icon-left\" aria-hidden=\"true\">\n\t\t\t\t\t\t\t\t\t\t\t\t\t\t\t<span class=\"elementor-accordion-icon-closed\"><i class=\"fas fa-plus\"><\/i><\/span>\n\t\t\t\t\t\t\t\t<span class=\"elementor-accordion-icon-opened\"><i class=\"fas fa-minus\"><\/i><\/span>\n\t\t\t\t\t\t\t\t\t\t\t\t\t\t<\/span>\n\t\t\t\t\t\t\t\t\t\t\t\t<a class=\"elementor-accordion-title\" tabindex=\"0\">Price list<\/a>\n\t\t\t\t\t<\/div>\n\t\t\t\t\t<div id=\"elementor-tab-content-1701\" class=\"elementor-tab-content elementor-clearfix\" data-tab=\"1\" role=\"region\" aria-labelledby=\"elementor-tab-title-1701\"><p><span style=\"color: #339966;\"><a style=\"color: #339966;\" href=\"https:\/\/igj.hu\/images\/Ujarak\/2023\/F%C3%A9lig_f%C3%BCggesztett_vontatott_talajegyenget%C5%91k_%C3%A1rjegyz%C3%A9ke_20230109.pdf\" target=\"_blank\" rel=\"noopener\">let\u00f6lt\u00e9s<\/a><\/span><\/p><\/div>\n\t\t\t\t<\/div>\n\t\t\t\t\t\t\t\t<\/div>\n\t\t\t\t\t\t<\/div>\n\t\t\t\t<\/div>\n\t\t\t\t\t<\/div>\n\t\t<\/div>\n\t\t\t\t\t<\/div>\n\t\t<\/section>\n\t\t\t\t<section class=\"elementor-section elementor-top-section elementor-element elementor-element-bd9d52f elementor-section-boxed elementor-section-height-default elementor-section-height-default\" data-id=\"bd9d52f\" data-element_type=\"section\">\n\t\t\t\t\t\t<div class=\"elementor-container elementor-column-gap-default\">\n\t\t\t\t\t<div class=\"elementor-column elementor-col-50 elementor-top-column elementor-element elementor-element-fbeff2f\" data-id=\"fbeff2f\" data-element_type=\"column\">\n\t\t\t<div class=\"elementor-widget-wrap elementor-element-populated\">\n\t\t\t\t\t\t<div class=\"elementor-element elementor-element-b63d505 elementor-widget elementor-widget-spacer\" data-id=\"b63d505\" data-element_type=\"widget\" data-widget_type=\"spacer.default\">\n\t\t\t\t<div class=\"elementor-widget-container\">\n\t\t\t\t\t\t\t<div class=\"elementor-spacer\">\n\t\t\t<div class=\"elementor-spacer-inner\"><\/div>\n\t\t<\/div>\n\t\t\t\t\t\t<\/div>\n\t\t\t\t<\/div>\n\t\t\t\t<div class=\"elementor-element elementor-element-1fe1138 elementor-widget elementor-widget-heading\" data-id=\"1fe1138\" data-element_type=\"widget\" data-widget_type=\"heading.default\">\n\t\t\t\t<div class=\"elementor-widget-container\">\n\t\t\t\t\t<h2 class=\"elementor-heading-title elementor-size-default\">Tol\u00f3lapok<\/h2>\t\t\t\t<\/div>\n\t\t\t\t<\/div>\n\t\t\t\t<div class=\"elementor-element elementor-element-ce41ccc elementor-widget elementor-widget-text-editor\" data-id=\"ce41ccc\" data-element_type=\"widget\" data-widget_type=\"text-editor.default\">\n\t\t\t\t<div class=\"elementor-widget-container\">\n\t\t\t\t\t\t\t\t\t<p>Az IGJ J\u00e1rm\u0171gy\u00e1rt\u00e1s \u00e1ltal gy\u00e1rtott tol\u00f3lapok 1300-2500 mm k\u00f6z\u00f6tti sz\u00e9less\u00e9gben k\u00e9sz\u00fclnek, \u00e9s minden olyan munkag\u00e9phez csatlakoztathat\u00f3ak, amely rendelkezik 3 pont f\u00fcggeszt\u00e9ssel. Alkalmazhat\u00f3 kommun\u00e1lis \u00e9s ipari c\u00e9lra, h\u00f3eltakar\u00edt\u00e1sn\u00e1l \u00e9s talajegyenget\u00e9sn\u00e9l egyar\u00e1nt.<\/p>\t\t\t\t\t\t\t\t<\/div>\n\t\t\t\t<\/div>\n\t\t\t\t<div class=\"elementor-element elementor-element-b875a2d elementor-widget elementor-widget-accordion\" data-id=\"b875a2d\" data-element_type=\"widget\" data-widget_type=\"accordion.default\">\n\t\t\t\t<div class=\"elementor-widget-container\">\n\t\t\t\t\t\t\t<div class=\"elementor-accordion\">\n\t\t\t\t\t\t\t<div class=\"elementor-accordion-item\">\n\t\t\t\t\t<div id=\"elementor-tab-title-1931\" class=\"elementor-tab-title\" data-tab=\"1\" role=\"button\" aria-controls=\"elementor-tab-content-1931\" aria-expanded=\"false\">\n\t\t\t\t\t\t\t\t\t\t\t\t\t<span class=\"elementor-accordion-icon elementor-accordion-icon-left\" aria-hidden=\"true\">\n\t\t\t\t\t\t\t\t\t\t\t\t\t\t\t<span class=\"elementor-accordion-icon-closed\"><i class=\"fas fa-plus\"><\/i><\/span>\n\t\t\t\t\t\t\t\t<span class=\"elementor-accordion-icon-opened\"><i class=\"fas fa-minus\"><\/i><\/span>\n\t\t\t\t\t\t\t\t\t\t\t\t\t\t<\/span>\n\t\t\t\t\t\t\t\t\t\t\t\t<a class=\"elementor-accordion-title\" tabindex=\"0\">Price list<\/a>\n\t\t\t\t\t<\/div>\n\t\t\t\t\t<div id=\"elementor-tab-content-1931\" class=\"elementor-tab-content elementor-clearfix\" data-tab=\"1\" role=\"region\" aria-labelledby=\"elementor-tab-title-1931\"><p><span style=\"color: #339966;\"><a style=\"color: #339966;\" href=\"https:\/\/igj.hu\/images\/Ujarak\/2021\/Tol%C3%B3lap_%C3%A1rjegyz%C3%A9k_2021.pdf\" target=\"_blank\" rel=\"noopener\">let\u00f6lt\u00e9s<\/a><\/span><\/p><\/div>\n\t\t\t\t<\/div>\n\t\t\t\t\t\t\t\t<\/div>\n\t\t\t\t\t\t<\/div>\n\t\t\t\t<\/div>\n\t\t\t\t\t<\/div>\n\t\t<\/div>\n\t\t\t\t<div class=\"elementor-column elementor-col-50 elementor-top-column elementor-element elementor-element-59c3b1a\" data-id=\"59c3b1a\" data-element_type=\"column\">\n\t\t\t<div class=\"elementor-widget-wrap elementor-element-populated\">\n\t\t\t\t\t\t<div class=\"elementor-element elementor-element-2a47b1b elementor-widget elementor-widget-spacer\" data-id=\"2a47b1b\" data-element_type=\"widget\" data-widget_type=\"spacer.default\">\n\t\t\t\t<div class=\"elementor-widget-container\">\n\t\t\t\t\t\t\t<div class=\"elementor-spacer\">\n\t\t\t<div class=\"elementor-spacer-inner\"><\/div>\n\t\t<\/div>\n\t\t\t\t\t\t<\/div>\n\t\t\t\t<\/div>\n\t\t\t\t<div class=\"elementor-element elementor-element-8c98a75 elementor-widget__width-initial elementor-widget elementor-widget-image\" data-id=\"8c98a75\" data-element_type=\"widget\" data-widget_type=\"image.default\">\n\t\t\t\t<div class=\"elementor-widget-container\">\n\t\t\t\t\t\t\t\t\t\t\t\t\t\t\t<img decoding=\"async\" width=\"500\" height=\"500\" src=\"https:\/\/igjarmugyartas.hu\/wp-content\/uploads\/2023\/10\/Hoeke.jpg\" class=\"attachment-large size-large wp-image-1525\" alt=\"\" srcset=\"https:\/\/igjarmugyartas.hu\/wp-content\/uploads\/2023\/10\/Hoeke.jpg 500w, https:\/\/igjarmugyartas.hu\/wp-content\/uploads\/2023\/10\/Hoeke-300x300.jpg 300w, https:\/\/igjarmugyartas.hu\/wp-content\/uploads\/2023\/10\/Hoeke-150x150.jpg 150w\" sizes=\"(max-width: 500px) 100vw, 500px\" \/>\t\t\t\t\t\t\t\t\t\t\t\t\t\t\t<\/div>\n\t\t\t\t<\/div>\n\t\t\t\t\t<\/div>\n\t\t<\/div>\n\t\t\t\t\t<\/div>\n\t\t<\/section>\n\t\t\t\t<\/div>","protected":false},"excerpt":{"rendered":"<p>IGJ gr\u00e9derek \u00e9s tol\u00f3lapok Kapcsolat Gr\u00e9derek Az IGJ J\u00e1rm\u0171gy\u00e1rt\u00e1s \u00e1ltal gy\u00e1rtott tol\u00f3lapok 1300-2500 mm k\u00f6z\u00f6tti sz\u00e9less\u00e9gben k\u00e9sz\u00fclnek, \u00e9s minden olyan munkag\u00e9phez csatlakoztathat\u00f3ak, amely rendelkezik 3 pont f\u00fcggeszt\u00e9ssel. Alkalmazhat\u00f3 kommun\u00e1lis \u00e9s ipari c\u00e9lra, h\u00f3eltakar\u00edt\u00e1sn\u00e1l \u00e9s talajegyenget\u00e9sn\u00e9l egyar\u00e1nt. \u00c1rjegyz\u00e9k let\u00f6lt\u00e9s Tol\u00f3lapok Az IGJ J\u00e1rm\u0171gy\u00e1rt\u00e1s \u00e1ltal gy\u00e1rtott tol\u00f3lapok 1300-2500 mm k\u00f6z\u00f6tti sz\u00e9less\u00e9gben k\u00e9sz\u00fclnek, \u00e9s minden olyan munkag\u00e9phez csatlakoztathat\u00f3ak, [&hellip;]<\/p>","protected":false},"author":1,"featured_media":0,"parent":0,"menu_order":0,"comment_status":"closed","ping_status":"closed","template":"","meta":{"site-sidebar-layout":"no-sidebar","site-content-layout":"page-builder","ast-site-content-layout":"full-width-container","site-content-style":"default","site-sidebar-style":"default","ast-global-header-display":"","ast-banner-title-visibility":"","ast-main-header-display":"","ast-hfb-above-header-display":"","ast-hfb-below-header-display":"","ast-hfb-mobile-header-display":"","site-post-title":"disabled","ast-breadcrumbs-content":"","ast-featured-img":"disabled","footer-sml-layout":"","theme-transparent-header-meta":"","adv-header-id-meta":"","stick-header-meta":"","header-above-stick-meta":"","header-main-stick-meta":"","header-below-stick-meta":"","astra-migrate-meta-layouts":"set","ast-page-background-enabled":"default","ast-page-background-meta":{"desktop":{"background-color":"var(--ast-global-color-4)","background-image":"","background-repeat":"repeat","background-position":"center center","background-size":"auto","background-attachment":"scroll","background-type":"","background-media":"","overlay-type":"","overlay-color":"","overlay-opacity":"","overlay-gradient":""},"tablet":{"background-color":"","background-image":"","background-repeat":"repeat","background-position":"center center","background-size":"auto","background-attachment":"scroll","background-type":"","background-media":"","overlay-type":"","overlay-color":"","overlay-opacity":"","overlay-gradient":""},"mobile":{"background-color":"","background-image":"","background-repeat":"repeat","background-position":"center center","background-size":"auto","background-attachment":"scroll","background-type":"","background-media":"","overlay-type":"","overlay-color":"","overlay-opacity":"","overlay-gradient":""}},"ast-content-background-meta":{"desktop":{"background-color":"var(--ast-global-color-5)","background-image":"","background-repeat":"repeat","background-position":"center center","background-size":"auto","background-attachment":"scroll","background-type":"","background-media":"","overlay-type":"","overlay-color":"","overlay-opacity":"","overlay-gradient":""},"tablet":{"background-color":"var(--ast-global-color-5)","background-image":"","background-repeat":"repeat","background-position":"center center","background-size":"auto","background-attachment":"scroll","background-type":"","background-media":"","overlay-type":"","overlay-color":"","overlay-opacity":"","overlay-gradient":""},"mobile":{"background-color":"var(--ast-global-color-5)","background-image":"","background-repeat":"repeat","background-position":"center center","background-size":"auto","background-attachment":"scroll","background-type":"","background-media":"","overlay-type":"","overlay-color":"","overlay-opacity":"","overlay-gradient":""}},"footnotes":""},"class_list":["post-1500","page","type-page","status-publish","hentry"],"_links":{"self":[{"href":"https:\/\/igjarmugyartas.hu\/en\/wp-json\/wp\/v2\/pages\/1500","targetHints":{"allow":["GET"]}}],"collection":[{"href":"https:\/\/igjarmugyartas.hu\/en\/wp-json\/wp\/v2\/pages"}],"about":[{"href":"https:\/\/igjarmugyartas.hu\/en\/wp-json\/wp\/v2\/types\/page"}],"author":[{"embeddable":true,"href":"https:\/\/igjarmugyartas.hu\/en\/wp-json\/wp\/v2\/users\/1"}],"replies":[{"embeddable":true,"href":"https:\/\/igjarmugyartas.hu\/en\/wp-json\/wp\/v2\/comments?post=1500"}],"version-history":[{"count":52,"href":"https:\/\/igjarmugyartas.hu\/en\/wp-json\/wp\/v2\/pages\/1500\/revisions"}],"predecessor-version":[{"id":2986,"href":"https:\/\/igjarmugyartas.hu\/en\/wp-json\/wp\/v2\/pages\/1500\/revisions\/2986"}],"wp:attachment":[{"href":"https:\/\/igjarmugyartas.hu\/en\/wp-json\/wp\/v2\/media?parent=1500"}],"curies":[{"name":"wp","href":"https:\/\/api.w.org\/{rel}","templated":true}]}}