{"id":1328,"date":"2023-10-26T09:21:15","date_gmt":"2023-10-26T08:21:15","guid":{"rendered":"https:\/\/igjarmugyartas.hu\/?page_id=1328"},"modified":"2023-12-13T10:10:38","modified_gmt":"2023-12-13T09:10:38","slug":"__trashed","status":"publish","type":"page","link":"https:\/\/igjarmugyartas.hu\/hu_hu\/__trashed\/","title":{"rendered":"IGJ kont\u00e9nersz\u00e1ll\u00edt\u00f3 p\u00f3tkocsi gy\u00e1rt\u00e1s"},"content":{"rendered":"\t\t<div data-elementor-type=\"wp-page\" data-elementor-id=\"1328\" class=\"elementor elementor-1328\">\n\t\t\t\t\t\t<section class=\"elementor-section elementor-top-section elementor-element elementor-element-1ac9aab elementor-section-boxed elementor-section-height-default elementor-section-height-default\" data-id=\"1ac9aab\" data-element_type=\"section\">\n\t\t\t\t\t\t<div class=\"elementor-container elementor-column-gap-default\">\n\t\t\t\t\t<div class=\"elementor-column elementor-col-100 elementor-top-column elementor-element elementor-element-ae79e36\" data-id=\"ae79e36\" data-element_type=\"column\">\n\t\t\t<div class=\"elementor-widget-wrap\">\n\t\t\t\t\t\t\t<\/div>\n\t\t<\/div>\n\t\t\t\t\t<\/div>\n\t\t<\/section>\n\t\t\t\t<section class=\"elementor-section elementor-top-section elementor-element elementor-element-de0132d elementor-section-height-min-height elementor-section-boxed elementor-section-height-default elementor-section-items-middle\" data-id=\"de0132d\" data-element_type=\"section\" data-settings=\"{&quot;background_background&quot;:&quot;slideshow&quot;,&quot;background_slideshow_gallery&quot;:[{&quot;id&quot;:505,&quot;url&quot;:&quot;https:\\\/\\\/igjarmugyartas.hu\\\/wp-content\\\/uploads\\\/2023\\\/09\\\/IMGP8322-scaled.webp&quot;}],&quot;background_slideshow_loop&quot;:&quot;yes&quot;,&quot;background_slideshow_slide_duration&quot;:5000,&quot;background_slideshow_slide_transition&quot;:&quot;fade&quot;,&quot;background_slideshow_transition_duration&quot;:500}\">\n\t\t\t\t\t\t<div class=\"elementor-container elementor-column-gap-no\">\n\t\t\t\t\t<div class=\"elementor-column elementor-col-100 elementor-top-column elementor-element elementor-element-93b16f5\" data-id=\"93b16f5\" data-element_type=\"column\">\n\t\t\t<div class=\"elementor-widget-wrap elementor-element-populated\">\n\t\t\t\t\t\t<div class=\"elementor-element elementor-element-11a09c3 elementor-widget elementor-widget-heading\" data-id=\"11a09c3\" data-element_type=\"widget\" data-widget_type=\"heading.default\">\n\t\t\t\t<div class=\"elementor-widget-container\">\n\t\t\t\t\t<h1 class=\"elementor-heading-title elementor-size-default\">IGJ kont\u00e9nersz\u00e1ll\u00edt\u00f3 gy\u00e1rt\u00e1s<\/h1>\t\t\t\t<\/div>\n\t\t\t\t<\/div>\n\t\t\t\t<section class=\"elementor-section elementor-inner-section elementor-element elementor-element-f7e0d26 elementor-section-boxed elementor-section-height-default elementor-section-height-default\" data-id=\"f7e0d26\" data-element_type=\"section\">\n\t\t\t\t\t\t<div class=\"elementor-container elementor-column-gap-no\">\n\t\t\t\t\t<div class=\"elementor-column elementor-col-100 elementor-inner-column elementor-element elementor-element-3c8ea2e\" data-id=\"3c8ea2e\" data-element_type=\"column\">\n\t\t\t<div class=\"elementor-widget-wrap elementor-element-populated\">\n\t\t\t\t\t\t<div class=\"elementor-element elementor-element-f2a6573 elementor-widget elementor-widget-button\" data-id=\"f2a6573\" data-element_type=\"widget\" data-widget_type=\"button.default\">\n\t\t\t\t<div class=\"elementor-widget-container\">\n\t\t\t\t\t\t\t\t\t<div class=\"elementor-button-wrapper\">\n\t\t\t\t\t<a class=\"elementor-button elementor-button-link elementor-size-sm\" href=\"#\">\n\t\t\t\t\t\t<span class=\"elementor-button-content-wrapper\">\n\t\t\t\t\t\t\t\t\t<span class=\"elementor-button-text\">Kattints ide<\/span>\n\t\t\t\t\t<\/span>\n\t\t\t\t\t<\/a>\n\t\t\t\t<\/div>\n\t\t\t\t\t\t\t\t<\/div>\n\t\t\t\t<\/div>\n\t\t\t\t\t<\/div>\n\t\t<\/div>\n\t\t\t\t\t<\/div>\n\t\t<\/section>\n\t\t\t\t\t<\/div>\n\t\t<\/div>\n\t\t\t\t\t<\/div>\n\t\t<\/section>\n\t\t\t\t<section class=\"elementor-section elementor-top-section elementor-element elementor-element-3779322 elementor-section-boxed elementor-section-height-default elementor-section-height-default\" data-id=\"3779322\" data-element_type=\"section\">\n\t\t\t\t\t\t<div class=\"elementor-container elementor-column-gap-default\">\n\t\t\t\t\t<div class=\"elementor-column elementor-col-50 elementor-top-column elementor-element elementor-element-b295315\" data-id=\"b295315\" data-element_type=\"column\">\n\t\t\t<div class=\"elementor-widget-wrap elementor-element-populated\">\n\t\t\t\t\t\t<div class=\"elementor-element elementor-element-dd6aced elementor-widget elementor-widget-spacer\" data-id=\"dd6aced\" data-element_type=\"widget\" data-widget_type=\"spacer.default\">\n\t\t\t\t<div class=\"elementor-widget-container\">\n\t\t\t\t\t\t\t<div class=\"elementor-spacer\">\n\t\t\t<div class=\"elementor-spacer-inner\"><\/div>\n\t\t<\/div>\n\t\t\t\t\t\t<\/div>\n\t\t\t\t<\/div>\n\t\t\t\t<div class=\"elementor-element elementor-element-2ec4840 elementor-widget__width-initial elementor-widget elementor-widget-image\" data-id=\"2ec4840\" data-element_type=\"widget\" data-widget_type=\"image.default\">\n\t\t\t\t<div class=\"elementor-widget-container\">\n\t\t\t\t\t\t\t\t\t\t\t\t\t\t\t<img fetchpriority=\"high\" decoding=\"async\" width=\"1024\" height=\"768\" src=\"https:\/\/igjarmugyartas.hu\/wp-content\/uploads\/2023\/10\/IMG_0140-1024x768.webp\" class=\"attachment-large size-large wp-image-1363\" alt=\"\" srcset=\"https:\/\/igjarmugyartas.hu\/wp-content\/uploads\/2023\/10\/IMG_0140-1024x768.webp 1024w, https:\/\/igjarmugyartas.hu\/wp-content\/uploads\/2023\/10\/IMG_0140-300x225.webp 300w, https:\/\/igjarmugyartas.hu\/wp-content\/uploads\/2023\/10\/IMG_0140-768x576.webp 768w, https:\/\/igjarmugyartas.hu\/wp-content\/uploads\/2023\/10\/IMG_0140-1536x1152.webp 1536w, https:\/\/igjarmugyartas.hu\/wp-content\/uploads\/2023\/10\/IMG_0140-2048x1536.webp 2048w\" sizes=\"(max-width: 1024px) 100vw, 1024px\" \/>\t\t\t\t\t\t\t\t\t\t\t\t\t\t\t<\/div>\n\t\t\t\t<\/div>\n\t\t\t\t\t<\/div>\n\t\t<\/div>\n\t\t\t\t<div class=\"elementor-column elementor-col-50 elementor-top-column elementor-element elementor-element-f18b3de\" data-id=\"f18b3de\" data-element_type=\"column\">\n\t\t\t<div class=\"elementor-widget-wrap elementor-element-populated\">\n\t\t\t\t\t\t<div class=\"elementor-element elementor-element-0d4285d elementor-widget elementor-widget-spacer\" data-id=\"0d4285d\" data-element_type=\"widget\" data-widget_type=\"spacer.default\">\n\t\t\t\t<div class=\"elementor-widget-container\">\n\t\t\t\t\t\t\t<div class=\"elementor-spacer\">\n\t\t\t<div class=\"elementor-spacer-inner\"><\/div>\n\t\t<\/div>\n\t\t\t\t\t\t<\/div>\n\t\t\t\t<\/div>\n\t\t\t\t<div class=\"elementor-element elementor-element-223410b elementor-widget elementor-widget-heading\" data-id=\"223410b\" data-element_type=\"widget\" data-widget_type=\"heading.default\">\n\t\t\t\t<div class=\"elementor-widget-container\">\n\t\t\t\t\t<h2 class=\"elementor-heading-title elementor-size-default\">Kont\u00e9nersz\u00e1ll\u00edt\u00f3 p\u00f3tkocsik<\/h2>\t\t\t\t<\/div>\n\t\t\t\t<\/div>\n\t\t\t\t<div class=\"elementor-element elementor-element-cef8044 elementor-widget elementor-widget-text-editor\" data-id=\"cef8044\" data-element_type=\"widget\" data-widget_type=\"text-editor.default\">\n\t\t\t\t<div class=\"elementor-widget-container\">\n\t\t\t\t\t\t\t\t\t<p>Kissebb \u00f6nkorm\u00e1nyzatok, v\u00e1llalkoz\u00e1sok sz\u00e1m\u00e1ra kommun\u00e1lis \u00e9s \u00e9p\u00edt\u0151ipari c\u00e9l\u00fa kont\u00e9nerkezel\u00e9sre kialak\u00edtott, k\u00fcl\u00f6nb\u00f6z\u0151 nagys\u00e1g\u00fa \u00e9s teherb\u00edr\u00e1s\u00fa kont\u00e9nersz\u00e1ll\u00edt\u00f3 cserefel\u00e9p\u00edtm\u00e9ny, ami k\u00fcl\u00f6nb\u00f6z\u0151 p\u00f3tkocsifajt\u00e1inkra felszerelve haszn\u00e1lhat\u00f3. Sokoldal\u00fas\u00e1ga miatt a p\u00f3tkocsi m\u00e1s cserefel\u00e9p\u00edtm\u00e9nyekkel is felszerelhet\u0151. A k\u00e9tkaros emel\u0151 berendez\u00e9sekkel a k\u00fcl\u00f6nb\u00f6z\u0151 emelhet\u0151, billenthet\u0151 hullad\u00e9k gy\u0171jt\u0151 kont\u00e9ner fel- \u00e9s lerak\u00e1s\u00e1t, billent\u00e9s\u00e9t, sz\u00e1ll\u00edt\u00e1s\u00e1t lehet elv\u00e9gezni. Az \u00f6sszes t\u00edpus kit\u0171nik stabilit\u00e1s\u00e1val, megb\u00edzhat\u00f3s\u00e1g\u00e1val.<\/p><p>(Minden p\u00f3tkocsi t\u00edpus bizony\u00edtv\u00e1nnyal, m\u0171szaki vizsg\u00e1val ell\u00e1tva valamint a rendsz\u00e1m kiv\u00e1lt\u00e1s\u00e1hoz sz\u00fcks\u00e9ges dokumentumokkal ker\u00fcl \u00e1tad\u00e1sra!)<\/p>\t\t\t\t\t\t\t\t<\/div>\n\t\t\t\t<\/div>\n\t\t\t\t<div class=\"elementor-element elementor-element-5d1b8b2 elementor-widget elementor-widget-accordion\" data-id=\"5d1b8b2\" data-element_type=\"widget\" data-widget_type=\"accordion.default\">\n\t\t\t\t<div class=\"elementor-widget-container\">\n\t\t\t\t\t\t\t<div class=\"elementor-accordion\">\n\t\t\t\t\t\t\t<div class=\"elementor-accordion-item\">\n\t\t\t\t\t<div id=\"elementor-tab-title-9761\" class=\"elementor-tab-title\" data-tab=\"1\" role=\"button\" aria-controls=\"elementor-tab-content-9761\" aria-expanded=\"false\">\n\t\t\t\t\t\t\t\t\t\t\t\t\t<span class=\"elementor-accordion-icon elementor-accordion-icon-left\" aria-hidden=\"true\">\n\t\t\t\t\t\t\t\t\t\t\t\t\t\t\t<span class=\"elementor-accordion-icon-closed\"><i class=\"fas fa-plus\"><\/i><\/span>\n\t\t\t\t\t\t\t\t<span class=\"elementor-accordion-icon-opened\"><i class=\"fas fa-minus\"><\/i><\/span>\n\t\t\t\t\t\t\t\t\t\t\t\t\t\t<\/span>\n\t\t\t\t\t\t\t\t\t\t\t\t<a class=\"elementor-accordion-title\" tabindex=\"0\">\u00c1rjegyz\u00e9k<\/a>\n\t\t\t\t\t<\/div>\n\t\t\t\t\t<div id=\"elementor-tab-content-9761\" class=\"elementor-tab-content elementor-clearfix\" data-tab=\"1\" role=\"region\" aria-labelledby=\"elementor-tab-title-9761\"><p><span style=\"color: #339966;\"><a style=\"color: #339966;\" href=\"https:\/\/igj.hu\/images\/Ujarak\/2023\/Kont%C3%A9nersz%C3%A1ll%C3%ADt%C3%B3_p%C3%B3tkocsik_%C3%A1rjegyz%C3%A9k_20230109.pdf\" target=\"_blank\" rel=\"noopener\">let\u00f6lt\u00e9s<\/a><\/span><\/p><\/div>\n\t\t\t\t<\/div>\n\t\t\t\t\t\t\t<div class=\"elementor-accordion-item\">\n\t\t\t\t\t<div id=\"elementor-tab-title-9762\" class=\"elementor-tab-title\" data-tab=\"2\" role=\"button\" aria-controls=\"elementor-tab-content-9762\" aria-expanded=\"false\">\n\t\t\t\t\t\t\t\t\t\t\t\t\t<span class=\"elementor-accordion-icon elementor-accordion-icon-left\" aria-hidden=\"true\">\n\t\t\t\t\t\t\t\t\t\t\t\t\t\t\t<span class=\"elementor-accordion-icon-closed\"><i class=\"fas fa-plus\"><\/i><\/span>\n\t\t\t\t\t\t\t\t<span class=\"elementor-accordion-icon-opened\"><i class=\"fas fa-minus\"><\/i><\/span>\n\t\t\t\t\t\t\t\t\t\t\t\t\t\t<\/span>\n\t\t\t\t\t\t\t\t\t\t\t\t<a class=\"elementor-accordion-title\" tabindex=\"0\">Kont\u00e9ner ismertet\u0151<\/a>\n\t\t\t\t\t<\/div>\n\t\t\t\t\t<div id=\"elementor-tab-content-9762\" class=\"elementor-tab-content elementor-clearfix\" data-tab=\"2\" role=\"region\" aria-labelledby=\"elementor-tab-title-9762\"><p><span style=\"color: #339966;\"><a style=\"color: #339966;\" href=\"https:\/\/igj.hu\/images\/Kontenerszallito\/kont%C3%A9ner_ismertet%C5%91.pdf\" target=\"_blank\" rel=\"noopener\">let\u00f6lt\u00e9s<\/a><\/span><\/p><\/div>\n\t\t\t\t<\/div>\n\t\t\t\t\t\t\t<div class=\"elementor-accordion-item\">\n\t\t\t\t\t<div id=\"elementor-tab-title-9763\" class=\"elementor-tab-title\" data-tab=\"3\" role=\"button\" aria-controls=\"elementor-tab-content-9763\" aria-expanded=\"false\">\n\t\t\t\t\t\t\t\t\t\t\t\t\t<span class=\"elementor-accordion-icon elementor-accordion-icon-left\" aria-hidden=\"true\">\n\t\t\t\t\t\t\t\t\t\t\t\t\t\t\t<span class=\"elementor-accordion-icon-closed\"><i class=\"fas fa-plus\"><\/i><\/span>\n\t\t\t\t\t\t\t\t<span class=\"elementor-accordion-icon-opened\"><i class=\"fas fa-minus\"><\/i><\/span>\n\t\t\t\t\t\t\t\t\t\t\t\t\t\t<\/span>\n\t\t\t\t\t\t\t\t\t\t\t\t<a class=\"elementor-accordion-title\" tabindex=\"0\">M\u0171szaki adatok<\/a>\n\t\t\t\t\t<\/div>\n\t\t\t\t\t<div id=\"elementor-tab-content-9763\" class=\"elementor-tab-content elementor-clearfix\" data-tab=\"3\" role=\"region\" aria-labelledby=\"elementor-tab-title-9763\"><\/div>\n\t\t\t\t<\/div>\n\t\t\t\t\t\t\t\t<\/div>\n\t\t\t\t\t\t<\/div>\n\t\t\t\t<\/div>\n\t\t\t\t\t<\/div>\n\t\t<\/div>\n\t\t\t\t\t<\/div>\n\t\t<\/section>\n\t\t\t\t<section class=\"elementor-section elementor-top-section elementor-element elementor-element-8a15e45 elementor-section-boxed elementor-section-height-default elementor-section-height-default\" data-id=\"8a15e45\" data-element_type=\"section\">\n\t\t\t\t\t\t<div class=\"elementor-container elementor-column-gap-default\">\n\t\t\t\t\t<div class=\"elementor-column elementor-col-50 elementor-top-column elementor-element elementor-element-1b6ba12\" data-id=\"1b6ba12\" data-element_type=\"column\">\n\t\t\t<div class=\"elementor-widget-wrap elementor-element-populated\">\n\t\t\t\t\t\t<div class=\"elementor-element elementor-element-c9dfc2e elementor-widget elementor-widget-spacer\" data-id=\"c9dfc2e\" data-element_type=\"widget\" data-widget_type=\"spacer.default\">\n\t\t\t\t<div class=\"elementor-widget-container\">\n\t\t\t\t\t\t\t<div class=\"elementor-spacer\">\n\t\t\t<div class=\"elementor-spacer-inner\"><\/div>\n\t\t<\/div>\n\t\t\t\t\t\t<\/div>\n\t\t\t\t<\/div>\n\t\t\t\t<div class=\"elementor-element elementor-element-58b402e elementor-widget elementor-widget-heading\" data-id=\"58b402e\" data-element_type=\"widget\" data-widget_type=\"heading.default\">\n\t\t\t\t<div class=\"elementor-widget-container\">\n\t\t\t\t\t<h2 class=\"elementor-heading-title elementor-size-default\">V\u00e1laszthat\u00f3 kont\u00e9nerek<\/h2>\t\t\t\t<\/div>\n\t\t\t\t<\/div>\n\t\t\t\t<div class=\"elementor-element elementor-element-80fa906 elementor-widget elementor-widget-text-editor\" data-id=\"80fa906\" data-element_type=\"widget\" data-widget_type=\"text-editor.default\">\n\t\t\t\t<div class=\"elementor-widget-container\">\n\t\t\t\t\t\t\t\t\t<p>C\u00e9g\u00fcnk folyamatosan fejleszti az \u00e1ltala gy\u00e1rtott eszk\u00f6z\u00f6ket, \u00edgy a p\u00f3tkocsi alv\u00e1zra csere fel\u00e9p\u00edtm\u00e9nyk\u00e9nt felszerelhet\u0151 kont\u00e9ner sz\u00e1ll\u00edt\u00f3k v\u00e1laszt\u00e9k\u00e1nak kialak\u00edt\u00e1sa ut\u00e1n, a teljes kont\u00e9neres sz\u00e1ll\u00edt\u00f3rendszer technol\u00f3giai sor\u00e1nak megteremt\u00e9se volt a c\u00e9l. K\u00edn\u00e1latunk kieg\u00e9sz\u00fclt kont\u00e9nerek \u00e9s azok k\u00fcl\u00f6nf\u00e9le kieg\u00e9sz\u00edt\u0151inek gy\u00e1rt\u00e1s\u00e1val, sz\u00e1ll\u00edt\u00e1s\u00e1val, tekintettel a k\u00f6rnyezetv\u00e9delmi szempontokra.\u00a0<\/p>\t\t\t\t\t\t\t\t<\/div>\n\t\t\t\t<\/div>\n\t\t\t\t<div class=\"elementor-element elementor-element-75853f5 elementor-widget elementor-widget-accordion\" data-id=\"75853f5\" data-element_type=\"widget\" data-widget_type=\"accordion.default\">\n\t\t\t\t<div class=\"elementor-widget-container\">\n\t\t\t\t\t\t\t<div class=\"elementor-accordion\">\n\t\t\t\t\t\t\t<div class=\"elementor-accordion-item\">\n\t\t\t\t\t<div id=\"elementor-tab-title-1231\" class=\"elementor-tab-title\" data-tab=\"1\" role=\"button\" aria-controls=\"elementor-tab-content-1231\" aria-expanded=\"false\">\n\t\t\t\t\t\t\t\t\t\t\t\t\t<span class=\"elementor-accordion-icon elementor-accordion-icon-left\" aria-hidden=\"true\">\n\t\t\t\t\t\t\t\t\t\t\t\t\t\t\t<span class=\"elementor-accordion-icon-closed\"><i class=\"fas fa-plus\"><\/i><\/span>\n\t\t\t\t\t\t\t\t<span class=\"elementor-accordion-icon-opened\"><i class=\"fas fa-minus\"><\/i><\/span>\n\t\t\t\t\t\t\t\t\t\t\t\t\t\t<\/span>\n\t\t\t\t\t\t\t\t\t\t\t\t<a class=\"elementor-accordion-title\" tabindex=\"0\">\u00c1rjegyz\u00e9k<\/a>\n\t\t\t\t\t<\/div>\n\t\t\t\t\t<div id=\"elementor-tab-content-1231\" class=\"elementor-tab-content elementor-clearfix\" data-tab=\"1\" role=\"region\" aria-labelledby=\"elementor-tab-title-1231\"><p><span style=\"color: #339966;\"><a style=\"color: #339966;\" href=\"https:\/\/igj.hu\/images\/Ujarak\/2023\/IGJ_K_kont%C3%A9nerek_%C3%A1rai_202301.pdf\" target=\"_blank\" rel=\"noopener\">let\u00f6lt\u00e9s<\/a><\/span><\/p><\/div>\n\t\t\t\t<\/div>\n\t\t\t\t\t\t\t<div class=\"elementor-accordion-item\">\n\t\t\t\t\t<div id=\"elementor-tab-title-1232\" class=\"elementor-tab-title\" data-tab=\"2\" role=\"button\" aria-controls=\"elementor-tab-content-1232\" aria-expanded=\"false\">\n\t\t\t\t\t\t\t\t\t\t\t\t\t<span class=\"elementor-accordion-icon elementor-accordion-icon-left\" aria-hidden=\"true\">\n\t\t\t\t\t\t\t\t\t\t\t\t\t\t\t<span class=\"elementor-accordion-icon-closed\"><i class=\"fas fa-plus\"><\/i><\/span>\n\t\t\t\t\t\t\t\t<span class=\"elementor-accordion-icon-opened\"><i class=\"fas fa-minus\"><\/i><\/span>\n\t\t\t\t\t\t\t\t\t\t\t\t\t\t<\/span>\n\t\t\t\t\t\t\t\t\t\t\t\t<a class=\"elementor-accordion-title\" tabindex=\"0\">M\u0171szaki adatok<\/a>\n\t\t\t\t\t<\/div>\n\t\t\t\t\t<div id=\"elementor-tab-content-1232\" class=\"elementor-tab-content elementor-clearfix\" data-tab=\"2\" role=\"region\" aria-labelledby=\"elementor-tab-title-1232\"><\/div>\n\t\t\t\t<\/div>\n\t\t\t\t\t\t\t\t<\/div>\n\t\t\t\t\t\t<\/div>\n\t\t\t\t<\/div>\n\t\t\t\t\t<\/div>\n\t\t<\/div>\n\t\t\t\t<div class=\"elementor-column elementor-col-50 elementor-top-column elementor-element elementor-element-920bda5\" data-id=\"920bda5\" data-element_type=\"column\">\n\t\t\t<div class=\"elementor-widget-wrap elementor-element-populated\">\n\t\t\t\t\t\t<div class=\"elementor-element elementor-element-61abc72 elementor-widget elementor-widget-spacer\" data-id=\"61abc72\" data-element_type=\"widget\" data-widget_type=\"spacer.default\">\n\t\t\t\t<div class=\"elementor-widget-container\">\n\t\t\t\t\t\t\t<div class=\"elementor-spacer\">\n\t\t\t<div class=\"elementor-spacer-inner\"><\/div>\n\t\t<\/div>\n\t\t\t\t\t\t<\/div>\n\t\t\t\t<\/div>\n\t\t\t\t<div class=\"elementor-element elementor-element-c039ae6 elementor-widget__width-initial elementor-widget elementor-widget-image\" data-id=\"c039ae6\" data-element_type=\"widget\" data-widget_type=\"image.default\">\n\t\t\t\t<div class=\"elementor-widget-container\">\n\t\t\t\t\t\t\t\t\t\t\t\t\t\t\t<img decoding=\"async\" width=\"1024\" height=\"1024\" src=\"https:\/\/igjarmugyartas.hu\/wp-content\/uploads\/2023\/10\/IMG_1505-1024x1024.webp\" class=\"attachment-large size-large wp-image-1383\" alt=\"\" srcset=\"https:\/\/igjarmugyartas.hu\/wp-content\/uploads\/2023\/10\/IMG_1505-1024x1024.webp 1024w, https:\/\/igjarmugyartas.hu\/wp-content\/uploads\/2023\/10\/IMG_1505-300x300.webp 300w, https:\/\/igjarmugyartas.hu\/wp-content\/uploads\/2023\/10\/IMG_1505-150x150.webp 150w, https:\/\/igjarmugyartas.hu\/wp-content\/uploads\/2023\/10\/IMG_1505-768x768.webp 768w, https:\/\/igjarmugyartas.hu\/wp-content\/uploads\/2023\/10\/IMG_1505.webp 1512w\" sizes=\"(max-width: 1024px) 100vw, 1024px\" \/>\t\t\t\t\t\t\t\t\t\t\t\t\t\t\t<\/div>\n\t\t\t\t<\/div>\n\t\t\t\t\t<\/div>\n\t\t<\/div>\n\t\t\t\t\t<\/div>\n\t\t<\/section>\n\t\t\t\t<section class=\"elementor-section elementor-top-section elementor-element elementor-element-b7b156a elementor-section-boxed elementor-section-height-default elementor-section-height-default\" data-id=\"b7b156a\" data-element_type=\"section\">\n\t\t\t\t\t\t<div class=\"elementor-container elementor-column-gap-default\">\n\t\t\t\t\t<div class=\"elementor-column elementor-col-100 elementor-top-column elementor-element elementor-element-7a0f2dc\" data-id=\"7a0f2dc\" data-element_type=\"column\">\n\t\t\t<div class=\"elementor-widget-wrap elementor-element-populated\">\n\t\t\t\t\t\t<div class=\"elementor-element elementor-element-90de3b5 elementor-widget elementor-widget-spacer\" data-id=\"90de3b5\" data-element_type=\"widget\" data-widget_type=\"spacer.default\">\n\t\t\t\t<div class=\"elementor-widget-container\">\n\t\t\t\t\t\t\t<div class=\"elementor-spacer\">\n\t\t\t<div class=\"elementor-spacer-inner\"><\/div>\n\t\t<\/div>\n\t\t\t\t\t\t<\/div>\n\t\t\t\t<\/div>\n\t\t\t\t<div class=\"elementor-element elementor-element-26212a1 elementor-widget elementor-widget-spacer\" data-id=\"26212a1\" data-element_type=\"widget\" data-widget_type=\"spacer.default\">\n\t\t\t\t<div class=\"elementor-widget-container\">\n\t\t\t\t\t\t\t<div class=\"elementor-spacer\">\n\t\t\t<div class=\"elementor-spacer-inner\"><\/div>\n\t\t<\/div>\n\t\t\t\t\t\t<\/div>\n\t\t\t\t<\/div>\n\t\t\t\t\t<\/div>\n\t\t<\/div>\n\t\t\t\t\t<\/div>\n\t\t<\/section>\n\t\t\t\t<\/div>\n\t\t","protected":false},"excerpt":{"rendered":"<p>IGJ kont\u00e9nersz\u00e1ll\u00edt\u00f3 gy\u00e1rt\u00e1s Kattints ide Kont\u00e9nersz\u00e1ll\u00edt\u00f3 p\u00f3tkocsik Kissebb \u00f6nkorm\u00e1nyzatok, v\u00e1llalkoz\u00e1sok sz\u00e1m\u00e1ra kommun\u00e1lis \u00e9s \u00e9p\u00edt\u0151ipari c\u00e9l\u00fa kont\u00e9nerkezel\u00e9sre kialak\u00edtott, k\u00fcl\u00f6nb\u00f6z\u0151 nagys\u00e1g\u00fa \u00e9s teherb\u00edr\u00e1s\u00fa kont\u00e9nersz\u00e1ll\u00edt\u00f3 cserefel\u00e9p\u00edtm\u00e9ny, ami k\u00fcl\u00f6nb\u00f6z\u0151 p\u00f3tkocsifajt\u00e1inkra felszerelve haszn\u00e1lhat\u00f3. Sokoldal\u00fas\u00e1ga miatt a p\u00f3tkocsi m\u00e1s cserefel\u00e9p\u00edtm\u00e9nyekkel is felszerelhet\u0151. A k\u00e9tkaros emel\u0151 berendez\u00e9sekkel a k\u00fcl\u00f6nb\u00f6z\u0151 emelhet\u0151, billenthet\u0151 hullad\u00e9k gy\u0171jt\u0151 kont\u00e9ner fel- \u00e9s lerak\u00e1s\u00e1t, billent\u00e9s\u00e9t, sz\u00e1ll\u00edt\u00e1s\u00e1t lehet elv\u00e9gezni. Az [&hellip;]<\/p>\n","protected":false},"author":1,"featured_media":0,"parent":0,"menu_order":0,"comment_status":"closed","ping_status":"closed","template":"","meta":{"site-sidebar-layout":"no-sidebar","site-content-layout":"page-builder","ast-site-content-layout":"full-width-container","site-content-style":"default","site-sidebar-style":"default","ast-global-header-display":"","ast-banner-title-visibility":"","ast-main-header-display":"","ast-hfb-above-header-display":"","ast-hfb-below-header-display":"","ast-hfb-mobile-header-display":"","site-post-title":"disabled","ast-breadcrumbs-content":"","ast-featured-img":"disabled","footer-sml-layout":"","theme-transparent-header-meta":"","adv-header-id-meta":"","stick-header-meta":"","header-above-stick-meta":"","header-main-stick-meta":"","header-below-stick-meta":"","astra-migrate-meta-layouts":"set","ast-page-background-enabled":"default","ast-page-background-meta":{"desktop":{"background-color":"var(--ast-global-color-4)","background-image":"","background-repeat":"repeat","background-position":"center center","background-size":"auto","background-attachment":"scroll","background-type":"","background-media":"","overlay-type":"","overlay-color":"","overlay-opacity":"","overlay-gradient":""},"tablet":{"background-color":"","background-image":"","background-repeat":"repeat","background-position":"center center","background-size":"auto","background-attachment":"scroll","background-type":"","background-media":"","overlay-type":"","overlay-color":"","overlay-opacity":"","overlay-gradient":""},"mobile":{"background-color":"","background-image":"","background-repeat":"repeat","background-position":"center center","background-size":"auto","background-attachment":"scroll","background-type":"","background-media":"","overlay-type":"","overlay-color":"","overlay-opacity":"","overlay-gradient":""}},"ast-content-background-meta":{"desktop":{"background-color":"var(--ast-global-color-5)","background-image":"","background-repeat":"repeat","background-position":"center center","background-size":"auto","background-attachment":"scroll","background-type":"","background-media":"","overlay-type":"","overlay-color":"","overlay-opacity":"","overlay-gradient":""},"tablet":{"background-color":"var(--ast-global-color-5)","background-image":"","background-repeat":"repeat","background-position":"center center","background-size":"auto","background-attachment":"scroll","background-type":"","background-media":"","overlay-type":"","overlay-color":"","overlay-opacity":"","overlay-gradient":""},"mobile":{"background-color":"var(--ast-global-color-5)","background-image":"","background-repeat":"repeat","background-position":"center center","background-size":"auto","background-attachment":"scroll","background-type":"","background-media":"","overlay-type":"","overlay-color":"","overlay-opacity":"","overlay-gradient":""}},"footnotes":""},"class_list":["post-1328","page","type-page","status-publish","hentry"],"_links":{"self":[{"href":"https:\/\/igjarmugyartas.hu\/hu_hu\/wp-json\/wp\/v2\/pages\/1328","targetHints":{"allow":["GET"]}}],"collection":[{"href":"https:\/\/igjarmugyartas.hu\/hu_hu\/wp-json\/wp\/v2\/pages"}],"about":[{"href":"https:\/\/igjarmugyartas.hu\/hu_hu\/wp-json\/wp\/v2\/types\/page"}],"author":[{"embeddable":true,"href":"https:\/\/igjarmugyartas.hu\/hu_hu\/wp-json\/wp\/v2\/users\/1"}],"replies":[{"embeddable":true,"href":"https:\/\/igjarmugyartas.hu\/hu_hu\/wp-json\/wp\/v2\/comments?post=1328"}],"version-history":[{"count":116,"href":"https:\/\/igjarmugyartas.hu\/hu_hu\/wp-json\/wp\/v2\/pages\/1328\/revisions"}],"predecessor-version":[{"id":2995,"href":"https:\/\/igjarmugyartas.hu\/hu_hu\/wp-json\/wp\/v2\/pages\/1328\/revisions\/2995"}],"wp:attachment":[{"href":"https:\/\/igjarmugyartas.hu\/hu_hu\/wp-json\/wp\/v2\/media?parent=1328"}],"curies":[{"name":"wp","href":"https:\/\/api.w.org\/{rel}","templated":true}]}}