{"id":1397,"date":"2023-10-27T10:11:01","date_gmt":"2023-10-27T09:11:01","guid":{"rendered":"https:\/\/igjarmugyartas.hu\/?page_id=1397"},"modified":"2023-12-13T10:18:47","modified_gmt":"2023-12-13T09:18:47","slug":"igj-tragyaszoro-es-higtragya-kiosztok","status":"publish","type":"page","link":"https:\/\/igjarmugyartas.hu\/hu_hu\/igj-tragyaszoro-es-higtragya-kiosztok\/","title":{"rendered":"IGJ tr\u00e1gyasz\u00f3r\u00f3 \u00e9s H\u00edgtr\u00e1gya kioszt\u00f3k"},"content":{"rendered":"\t\t<div data-elementor-type=\"wp-page\" data-elementor-id=\"1397\" class=\"elementor elementor-1397\">\n\t\t\t\t\t\t<section class=\"elementor-section elementor-top-section elementor-element elementor-element-691af47 elementor-section-boxed elementor-section-height-default elementor-section-height-default\" data-id=\"691af47\" data-element_type=\"section\">\n\t\t\t\t\t\t<div class=\"elementor-container elementor-column-gap-default\">\n\t\t\t\t\t<div class=\"elementor-column elementor-col-100 elementor-top-column elementor-element elementor-element-ffc0937\" data-id=\"ffc0937\" data-element_type=\"column\">\n\t\t\t<div class=\"elementor-widget-wrap\">\n\t\t\t\t\t\t\t<\/div>\n\t\t<\/div>\n\t\t\t\t\t<\/div>\n\t\t<\/section>\n\t\t\t\t<section class=\"elementor-section elementor-top-section elementor-element elementor-element-b9419f9 elementor-section-height-min-height elementor-section-boxed elementor-section-height-default elementor-section-items-middle\" data-id=\"b9419f9\" data-element_type=\"section\" data-settings=\"{&quot;background_background&quot;:&quot;slideshow&quot;,&quot;background_slideshow_gallery&quot;:[{&quot;id&quot;:2043,&quot;url&quot;:&quot;https:\\\/\\\/igjarmugyartas.hu\\\/wp-content\\\/uploads\\\/2023\\\/11\\\/PIC_0021.jpg&quot;}],&quot;background_slideshow_loop&quot;:&quot;yes&quot;,&quot;background_slideshow_slide_duration&quot;:5000,&quot;background_slideshow_slide_transition&quot;:&quot;fade&quot;,&quot;background_slideshow_transition_duration&quot;:500}\">\n\t\t\t\t\t\t<div class=\"elementor-container elementor-column-gap-no\">\n\t\t\t\t\t<div class=\"elementor-column elementor-col-100 elementor-top-column elementor-element elementor-element-340d0d1\" data-id=\"340d0d1\" data-element_type=\"column\">\n\t\t\t<div class=\"elementor-widget-wrap elementor-element-populated\">\n\t\t\t\t\t\t<div class=\"elementor-element elementor-element-704cb78 elementor-widget elementor-widget-heading\" data-id=\"704cb78\" data-element_type=\"widget\" data-widget_type=\"heading.default\">\n\t\t\t\t<div class=\"elementor-widget-container\">\n\t\t\t\t\t<h1 class=\"elementor-heading-title elementor-size-default\">IGJ tr\u00e1gyasz\u00f3r\u00f3 \u00e9s h\u00edgtr\u00e1gya kioszt\u00f3 <\/h1>\t\t\t\t<\/div>\n\t\t\t\t<\/div>\n\t\t\t\t<section class=\"elementor-section elementor-inner-section elementor-element elementor-element-cb7ff91 elementor-section-boxed elementor-section-height-default elementor-section-height-default\" data-id=\"cb7ff91\" data-element_type=\"section\">\n\t\t\t\t\t\t<div class=\"elementor-container elementor-column-gap-no\">\n\t\t\t\t\t<div class=\"elementor-column elementor-col-100 elementor-inner-column elementor-element elementor-element-417e35f\" data-id=\"417e35f\" data-element_type=\"column\">\n\t\t\t<div class=\"elementor-widget-wrap elementor-element-populated\">\n\t\t\t\t\t\t<div class=\"elementor-element elementor-element-2676f44 elementor-widget elementor-widget-button\" data-id=\"2676f44\" data-element_type=\"widget\" data-widget_type=\"button.default\">\n\t\t\t\t<div class=\"elementor-widget-container\">\n\t\t\t\t\t\t\t\t\t<div class=\"elementor-button-wrapper\">\n\t\t\t\t\t<a class=\"elementor-button elementor-button-link elementor-size-sm\" href=\"https:\/\/igjarmugyartas.hu\/contact-us\/\">\n\t\t\t\t\t\t<span class=\"elementor-button-content-wrapper\">\n\t\t\t\t\t\t\t\t\t<span class=\"elementor-button-text\">Kapcsolat<\/span>\n\t\t\t\t\t<\/span>\n\t\t\t\t\t<\/a>\n\t\t\t\t<\/div>\n\t\t\t\t\t\t\t\t<\/div>\n\t\t\t\t<\/div>\n\t\t\t\t\t<\/div>\n\t\t<\/div>\n\t\t\t\t\t<\/div>\n\t\t<\/section>\n\t\t\t\t\t<\/div>\n\t\t<\/div>\n\t\t\t\t\t<\/div>\n\t\t<\/section>\n\t\t\t\t<section class=\"elementor-section elementor-top-section elementor-element elementor-element-f9c273b elementor-section-boxed elementor-section-height-default elementor-section-height-default\" data-id=\"f9c273b\" data-element_type=\"section\">\n\t\t\t\t\t\t<div class=\"elementor-container elementor-column-gap-default\">\n\t\t\t\t\t<div class=\"elementor-column elementor-col-50 elementor-top-column elementor-element elementor-element-1f5db6d\" data-id=\"1f5db6d\" data-element_type=\"column\">\n\t\t\t<div class=\"elementor-widget-wrap elementor-element-populated\">\n\t\t\t\t\t\t<div class=\"elementor-element elementor-element-eda16be elementor-widget elementor-widget-spacer\" data-id=\"eda16be\" data-element_type=\"widget\" data-widget_type=\"spacer.default\">\n\t\t\t\t<div class=\"elementor-widget-container\">\n\t\t\t\t\t\t\t<div class=\"elementor-spacer\">\n\t\t\t<div class=\"elementor-spacer-inner\"><\/div>\n\t\t<\/div>\n\t\t\t\t\t\t<\/div>\n\t\t\t\t<\/div>\n\t\t\t\t<div class=\"elementor-element elementor-element-f50ade9 elementor-widget__width-initial elementor-widget elementor-widget-image\" data-id=\"f50ade9\" data-element_type=\"widget\" data-widget_type=\"image.default\">\n\t\t\t\t<div class=\"elementor-widget-container\">\n\t\t\t\t\t\t\t\t\t\t\t\t\t\t\t<img fetchpriority=\"high\" decoding=\"async\" width=\"1024\" height=\"768\" src=\"https:\/\/igjarmugyartas.hu\/wp-content\/uploads\/2023\/11\/IMGP0437-1024x768.jpg\" class=\"attachment-large size-large wp-image-2045\" alt=\"\" srcset=\"https:\/\/igjarmugyartas.hu\/wp-content\/uploads\/2023\/11\/IMGP0437-1024x768.jpg 1024w, https:\/\/igjarmugyartas.hu\/wp-content\/uploads\/2023\/11\/IMGP0437-300x225.jpg 300w, https:\/\/igjarmugyartas.hu\/wp-content\/uploads\/2023\/11\/IMGP0437-768x576.jpg 768w, https:\/\/igjarmugyartas.hu\/wp-content\/uploads\/2023\/11\/IMGP0437-1536x1152.jpg 1536w, https:\/\/igjarmugyartas.hu\/wp-content\/uploads\/2023\/11\/IMGP0437-2048x1536.jpg 2048w\" sizes=\"(max-width: 1024px) 100vw, 1024px\" \/>\t\t\t\t\t\t\t\t\t\t\t\t\t\t\t<\/div>\n\t\t\t\t<\/div>\n\t\t\t\t\t<\/div>\n\t\t<\/div>\n\t\t\t\t<div class=\"elementor-column elementor-col-50 elementor-top-column elementor-element elementor-element-4e5a53c\" data-id=\"4e5a53c\" data-element_type=\"column\">\n\t\t\t<div class=\"elementor-widget-wrap elementor-element-populated\">\n\t\t\t\t\t\t<div class=\"elementor-element elementor-element-fc68b9c elementor-widget elementor-widget-spacer\" data-id=\"fc68b9c\" data-element_type=\"widget\" data-widget_type=\"spacer.default\">\n\t\t\t\t<div class=\"elementor-widget-container\">\n\t\t\t\t\t\t\t<div class=\"elementor-spacer\">\n\t\t\t<div class=\"elementor-spacer-inner\"><\/div>\n\t\t<\/div>\n\t\t\t\t\t\t<\/div>\n\t\t\t\t<\/div>\n\t\t\t\t<div class=\"elementor-element elementor-element-a9f78b4 elementor-widget elementor-widget-heading\" data-id=\"a9f78b4\" data-element_type=\"widget\" data-widget_type=\"heading.default\">\n\t\t\t\t<div class=\"elementor-widget-container\">\n\t\t\t\t\t<h2 class=\"elementor-heading-title elementor-size-default\">Tr\u00e1gyasz\u00f3r\u00f3 p\u00f3tkocsik<\/h2>\t\t\t\t<\/div>\n\t\t\t\t<\/div>\n\t\t\t\t<div class=\"elementor-element elementor-element-5a71da1 elementor-widget__width-initial elementor-widget elementor-widget-text-editor\" data-id=\"5a71da1\" data-element_type=\"widget\" data-widget_type=\"text-editor.default\">\n\t\t\t\t<div class=\"elementor-widget-container\">\n\t\t\t\t\t\t\t\t\t<p>Tr\u00e1gyasz\u00f3r\u00f3 p\u00f3tkocsik kialak\u00edt\u00e1s\u00e1n\u00e1l figyelembe vett\u00fck a felhaszn\u00e1l\u00f3i\u00a0 ig\u00e9nyeket, \u00edgy sz\u00e9les v\u00e1laszt\u00e9kot ny\u00fajtunk teherb\u00edr\u00e1s tekintet\u00e9ben, m\u00edg a sz\u00f3r\u00f3 szerkezetek kialak\u00edt\u00e1s\u00e1n\u00e1l megtal\u00e1lhat\u00f3 a n\u00e9gyoszlopos f\u00fcgg\u0151leges, valamint a kombin\u00e1lt kialak\u00edt\u00e1s, melyn\u00e9l v\u00edzszintes mar\u00f3-, bont\u00f3 hengerek v\u00e9gzik a kisz\u00f3rand\u00f3 anyag darabol\u00e1s\u00e1t, el\u0151k\u00e9sz\u00edt\u00e9s\u00e9t, a f\u00fcgg\u0151leges tengely\u0171 dob\u00f3t\u00e1rcs\u00e1k pedig a kisz\u00f3r\u00e1st. Jellemz\u0151j\u00fck, hogy sokoldal\u00faan haszn\u00e1lhat\u00f3k, kisz\u00f3rhat\u00f3k vel\u00fck a hagyom\u00e1nyos ist\u00e1ll\u00f3tr\u00e1gy\u00e1n k\u00edv\u00fcl: h\u00edgtr\u00e1gya, m\u00e9sziszap, komposzt stb. Kieg\u00e9sz\u00edthet\u0151k sil\u00f3sz\u00e1ll\u00edt\u00f3 fel\u00e9p\u00edtm\u00e9nnyel, hidraulikus h\u00e1ts\u00f3 ajt\u00f3val. A tov\u00e1bb\u00edt\u00f3 l\u00e1nc meghajt\u00e1sa a kisebb teherb\u00edr\u00e1s\u00fa t\u00edpusokn\u00e1l mechanikus, a nagyobbakn\u00e1l fokozatmentesen szab\u00e1lyozhat\u00f3 hidraulikus. A tr\u00e1gyasz\u00f3r\u00f3 alv\u00e1zakra nagys\u00e1guknak megfelel\u0151 billen\u0151 plat\u00f3 is felszerelhet\u0151. Ma m\u00e1r a korszer\u0171 tr\u00e1gyasz\u00f3r\u00f3k j\u00f3l beilleszthet\u0151k a prec\u00edzi\u00f3s gazd\u00e1lkod\u00e1sba. Ehhez persze t\u00f6bb olyan kieg\u00e9sz\u00edt\u0151 sz\u00fcks\u00e9ges, mint a k\u00fcl\u00f6nf\u00e9le m\u00e9rlegrendszerek, a GPS egys\u00e9g vagy ak\u00e1r az ISOBUS rendszer. Ezek seg\u00edts\u00e9g\u00e9vel a talajok t\u00e1panyag-ut\u00e1np\u00f3tl\u00e1sa t\u00e1panyagt\u00e9rk\u00e9pez\u00e9s alapj\u00e1n hat\u00e9konyan \u00e9s gazdas\u00e1gosan v\u00e9gezhet\u0151 el. Egy m\u00e9rleggel ell\u00e1tott tr\u00e1gyasz\u00f3r\u00f3 nagy seg\u00edts\u00e9get jelent ezen fel\u00fcl a b\u00e9rv\u00e1llalkoz\u00f3kn\u00e1l is.<\/p><p>(Minden p\u00f3tkocsi t\u00edpus bizony\u00edtv\u00e1nnyal, m\u0171szaki vizsg\u00e1val ell\u00e1tva valamint a rendsz\u00e1m kiv\u00e1lt\u00e1s\u00e1hoz sz\u00fcks\u00e9ges dokumentumokkal ker\u00fcl \u00e1tad\u00e1sra!)<\/p>\t\t\t\t\t\t\t\t<\/div>\n\t\t\t\t<\/div>\n\t\t\t\t<div class=\"elementor-element elementor-element-b9bf880 elementor-widget elementor-widget-accordion\" data-id=\"b9bf880\" data-element_type=\"widget\" data-widget_type=\"accordion.default\">\n\t\t\t\t<div class=\"elementor-widget-container\">\n\t\t\t\t\t\t\t<div class=\"elementor-accordion\">\n\t\t\t\t\t\t\t<div class=\"elementor-accordion-item\">\n\t\t\t\t\t<div id=\"elementor-tab-title-1941\" class=\"elementor-tab-title\" data-tab=\"1\" role=\"button\" aria-controls=\"elementor-tab-content-1941\" aria-expanded=\"false\">\n\t\t\t\t\t\t\t\t\t\t\t\t\t<span class=\"elementor-accordion-icon elementor-accordion-icon-left\" aria-hidden=\"true\">\n\t\t\t\t\t\t\t\t\t\t\t\t\t\t\t<span class=\"elementor-accordion-icon-closed\"><i class=\"fas fa-plus\"><\/i><\/span>\n\t\t\t\t\t\t\t\t<span class=\"elementor-accordion-icon-opened\"><i class=\"fas fa-minus\"><\/i><\/span>\n\t\t\t\t\t\t\t\t\t\t\t\t\t\t<\/span>\n\t\t\t\t\t\t\t\t\t\t\t\t<a class=\"elementor-accordion-title\" tabindex=\"0\">\u00c1rjegyz\u00e9k<\/a>\n\t\t\t\t\t<\/div>\n\t\t\t\t\t<div id=\"elementor-tab-content-1941\" class=\"elementor-tab-content elementor-clearfix\" data-tab=\"1\" role=\"region\" aria-labelledby=\"elementor-tab-title-1941\"><p><span style=\"color: #339966;\"><a style=\"color: #339966;\" href=\"https:\/\/igj.hu\/images\/Ujarak\/2023\/Tr%C3%A1gyasz%C3%B3r%C3%B3k_%C3%A1rjegyz%C3%A9k_20230109_.pdf\" target=\"_blank\" rel=\"noopener\">let\u00f6lt\u00e9s<\/a><\/span><\/p><\/div>\n\t\t\t\t<\/div>\n\t\t\t\t\t\t\t<div class=\"elementor-accordion-item\">\n\t\t\t\t\t<div id=\"elementor-tab-title-1942\" class=\"elementor-tab-title\" data-tab=\"2\" role=\"button\" aria-controls=\"elementor-tab-content-1942\" aria-expanded=\"false\">\n\t\t\t\t\t\t\t\t\t\t\t\t\t<span class=\"elementor-accordion-icon elementor-accordion-icon-left\" aria-hidden=\"true\">\n\t\t\t\t\t\t\t\t\t\t\t\t\t\t\t<span class=\"elementor-accordion-icon-closed\"><i class=\"fas fa-plus\"><\/i><\/span>\n\t\t\t\t\t\t\t\t<span class=\"elementor-accordion-icon-opened\"><i class=\"fas fa-minus\"><\/i><\/span>\n\t\t\t\t\t\t\t\t\t\t\t\t\t\t<\/span>\n\t\t\t\t\t\t\t\t\t\t\t\t<a class=\"elementor-accordion-title\" tabindex=\"0\">M\u0171szaki adatok<\/a>\n\t\t\t\t\t<\/div>\n\t\t\t\t\t<div id=\"elementor-tab-content-1942\" class=\"elementor-tab-content elementor-clearfix\" data-tab=\"2\" role=\"region\" aria-labelledby=\"elementor-tab-title-1942\"><p><span style=\"color: #339966;\"><a style=\"color: #339966;\" href=\"https:\/\/igj.hu\/index.php\/potkocsi-gyartas\/tragyaszorok-es-letolo-kocsik\" target=\"_blank\" rel=\"noopener\">let\u00f6lt\u00e9s<\/a><\/span><\/p><\/div>\n\t\t\t\t<\/div>\n\t\t\t\t\t\t\t\t<\/div>\n\t\t\t\t\t\t<\/div>\n\t\t\t\t<\/div>\n\t\t\t\t\t<\/div>\n\t\t<\/div>\n\t\t\t\t\t<\/div>\n\t\t<\/section>\n\t\t\t\t<section class=\"elementor-section elementor-top-section elementor-element elementor-element-cd161ac elementor-section-boxed elementor-section-height-default elementor-section-height-default\" data-id=\"cd161ac\" data-element_type=\"section\">\n\t\t\t\t\t\t<div class=\"elementor-container elementor-column-gap-default\">\n\t\t\t\t\t<div class=\"elementor-column elementor-col-100 elementor-top-column elementor-element elementor-element-14a9fe0\" data-id=\"14a9fe0\" data-element_type=\"column\">\n\t\t\t<div class=\"elementor-widget-wrap elementor-element-populated\">\n\t\t\t\t\t\t\t<\/div>\n\t\t<\/div>\n\t\t\t\t\t<\/div>\n\t\t<\/section>\n\t\t\t\t<\/div>\n\t\t","protected":false},"excerpt":{"rendered":"<p>IGJ tr\u00e1gyasz\u00f3r\u00f3 \u00e9s h\u00edgtr\u00e1gya kioszt\u00f3 Kapcsolat Tr\u00e1gyasz\u00f3r\u00f3 p\u00f3tkocsik Tr\u00e1gyasz\u00f3r\u00f3 p\u00f3tkocsik kialak\u00edt\u00e1s\u00e1n\u00e1l figyelembe vett\u00fck a felhaszn\u00e1l\u00f3i\u00a0 ig\u00e9nyeket, \u00edgy sz\u00e9les v\u00e1laszt\u00e9kot ny\u00fajtunk teherb\u00edr\u00e1s tekintet\u00e9ben, m\u00edg a sz\u00f3r\u00f3 szerkezetek kialak\u00edt\u00e1s\u00e1n\u00e1l megtal\u00e1lhat\u00f3 a n\u00e9gyoszlopos f\u00fcgg\u0151leges, valamint a kombin\u00e1lt kialak\u00edt\u00e1s, melyn\u00e9l v\u00edzszintes mar\u00f3-, bont\u00f3 hengerek v\u00e9gzik a kisz\u00f3rand\u00f3 anyag darabol\u00e1s\u00e1t, el\u0151k\u00e9sz\u00edt\u00e9s\u00e9t, a f\u00fcgg\u0151leges tengely\u0171 dob\u00f3t\u00e1rcs\u00e1k pedig a kisz\u00f3r\u00e1st. Jellemz\u0151j\u00fck, hogy [&hellip;]<\/p>\n","protected":false},"author":1,"featured_media":0,"parent":0,"menu_order":0,"comment_status":"closed","ping_status":"closed","template":"","meta":{"site-sidebar-layout":"no-sidebar","site-content-layout":"page-builder","ast-site-content-layout":"full-width-container","site-content-style":"default","site-sidebar-style":"default","ast-global-header-display":"","ast-banner-title-visibility":"","ast-main-header-display":"","ast-hfb-above-header-display":"","ast-hfb-below-header-display":"","ast-hfb-mobile-header-display":"","site-post-title":"disabled","ast-breadcrumbs-content":"","ast-featured-img":"disabled","footer-sml-layout":"","theme-transparent-header-meta":"","adv-header-id-meta":"","stick-header-meta":"","header-above-stick-meta":"","header-main-stick-meta":"","header-below-stick-meta":"","astra-migrate-meta-layouts":"set","ast-page-background-enabled":"default","ast-page-background-meta":{"desktop":{"background-color":"var(--ast-global-color-4)","background-image":"","background-repeat":"repeat","background-position":"center center","background-size":"auto","background-attachment":"scroll","background-type":"","background-media":"","overlay-type":"","overlay-color":"","overlay-opacity":"","overlay-gradient":""},"tablet":{"background-color":"","background-image":"","background-repeat":"repeat","background-position":"center center","background-size":"auto","background-attachment":"scroll","background-type":"","background-media":"","overlay-type":"","overlay-color":"","overlay-opacity":"","overlay-gradient":""},"mobile":{"background-color":"","background-image":"","background-repeat":"repeat","background-position":"center center","background-size":"auto","background-attachment":"scroll","background-type":"","background-media":"","overlay-type":"","overlay-color":"","overlay-opacity":"","overlay-gradient":""}},"ast-content-background-meta":{"desktop":{"background-color":"var(--ast-global-color-5)","background-image":"","background-repeat":"repeat","background-position":"center center","background-size":"auto","background-attachment":"scroll","background-type":"","background-media":"","overlay-type":"","overlay-color":"","overlay-opacity":"","overlay-gradient":""},"tablet":{"background-color":"var(--ast-global-color-5)","background-image":"","background-repeat":"repeat","background-position":"center center","background-size":"auto","background-attachment":"scroll","background-type":"","background-media":"","overlay-type":"","overlay-color":"","overlay-opacity":"","overlay-gradient":""},"mobile":{"background-color":"var(--ast-global-color-5)","background-image":"","background-repeat":"repeat","background-position":"center center","background-size":"auto","background-attachment":"scroll","background-type":"","background-media":"","overlay-type":"","overlay-color":"","overlay-opacity":"","overlay-gradient":""}},"footnotes":""},"class_list":["post-1397","page","type-page","status-publish","hentry"],"_links":{"self":[{"href":"https:\/\/igjarmugyartas.hu\/hu_hu\/wp-json\/wp\/v2\/pages\/1397","targetHints":{"allow":["GET"]}}],"collection":[{"href":"https:\/\/igjarmugyartas.hu\/hu_hu\/wp-json\/wp\/v2\/pages"}],"about":[{"href":"https:\/\/igjarmugyartas.hu\/hu_hu\/wp-json\/wp\/v2\/types\/page"}],"author":[{"embeddable":true,"href":"https:\/\/igjarmugyartas.hu\/hu_hu\/wp-json\/wp\/v2\/users\/1"}],"replies":[{"embeddable":true,"href":"https:\/\/igjarmugyartas.hu\/hu_hu\/wp-json\/wp\/v2\/comments?post=1397"}],"version-history":[{"count":76,"href":"https:\/\/igjarmugyartas.hu\/hu_hu\/wp-json\/wp\/v2\/pages\/1397\/revisions"}],"predecessor-version":[{"id":3040,"href":"https:\/\/igjarmugyartas.hu\/hu_hu\/wp-json\/wp\/v2\/pages\/1397\/revisions\/3040"}],"wp:attachment":[{"href":"https:\/\/igjarmugyartas.hu\/hu_hu\/wp-json\/wp\/v2\/media?parent=1397"}],"curies":[{"name":"wp","href":"https:\/\/api.w.org\/{rel}","templated":true}]}}