{"id":1554,"date":"2023-10-31T10:57:51","date_gmt":"2023-10-31T09:57:51","guid":{"rendered":"https:\/\/igjarmugyartas.hu\/?page_id=1554"},"modified":"2024-07-24T14:28:21","modified_gmt":"2024-07-24T13:28:21","slug":"igj-ipari-potkocsi-gyartas","status":"publish","type":"page","link":"https:\/\/igjarmugyartas.hu\/hu_hu\/igj-ipari-potkocsi-gyartas\/","title":{"rendered":"IGJ Ipari P\u00f3tkocsi gy\u00e1rt\u00e1s"},"content":{"rendered":"\t\t<div data-elementor-type=\"wp-page\" data-elementor-id=\"1554\" class=\"elementor elementor-1554\">\n\t\t\t\t\t\t<section class=\"elementor-section elementor-top-section elementor-element elementor-element-42b6add elementor-section-boxed elementor-section-height-default elementor-section-height-default\" data-id=\"42b6add\" data-element_type=\"section\">\n\t\t\t\t\t\t<div class=\"elementor-container elementor-column-gap-default\">\n\t\t\t\t\t<div class=\"elementor-column elementor-col-100 elementor-top-column elementor-element elementor-element-8caf3d5\" data-id=\"8caf3d5\" data-element_type=\"column\">\n\t\t\t<div class=\"elementor-widget-wrap\">\n\t\t\t\t\t\t\t<\/div>\n\t\t<\/div>\n\t\t\t\t\t<\/div>\n\t\t<\/section>\n\t\t\t\t<section class=\"elementor-section elementor-top-section elementor-element elementor-element-27f887f elementor-section-height-min-height elementor-section-boxed elementor-section-height-default elementor-section-items-middle\" data-id=\"27f887f\" data-element_type=\"section\" data-settings=\"{&quot;background_background&quot;:&quot;slideshow&quot;,&quot;background_slideshow_gallery&quot;:[{&quot;id&quot;:1565,&quot;url&quot;:&quot;https:\\\/\\\/igjarmugyartas.hu\\\/wp-content\\\/uploads\\\/2023\\\/10\\\/IMG_8446-2.webp&quot;}],&quot;background_slideshow_loop&quot;:&quot;yes&quot;,&quot;background_slideshow_slide_duration&quot;:5000,&quot;background_slideshow_slide_transition&quot;:&quot;fade&quot;,&quot;background_slideshow_transition_duration&quot;:500}\">\n\t\t\t\t\t\t<div class=\"elementor-container elementor-column-gap-no\">\n\t\t\t\t\t<div class=\"elementor-column elementor-col-100 elementor-top-column elementor-element elementor-element-594a925\" data-id=\"594a925\" data-element_type=\"column\">\n\t\t\t<div class=\"elementor-widget-wrap elementor-element-populated\">\n\t\t\t\t\t\t<div class=\"elementor-element elementor-element-e7b1e4b elementor-widget elementor-widget-heading\" data-id=\"e7b1e4b\" data-element_type=\"widget\" data-widget_type=\"heading.default\">\n\t\t\t\t<div class=\"elementor-widget-container\">\n\t\t\t\t\t<h1 class=\"elementor-heading-title elementor-size-default\">IGJ Ipari p\u00f3tkocsi gy\u00e1rt\u00e1s<\/h1>\t\t\t\t<\/div>\n\t\t\t\t<\/div>\n\t\t\t\t<section class=\"elementor-section elementor-inner-section elementor-element elementor-element-b1ee0f2 elementor-section-boxed elementor-section-height-default elementor-section-height-default\" data-id=\"b1ee0f2\" data-element_type=\"section\">\n\t\t\t\t\t\t<div class=\"elementor-container elementor-column-gap-default\">\n\t\t\t\t\t<div class=\"elementor-column elementor-col-100 elementor-inner-column elementor-element elementor-element-1902175\" data-id=\"1902175\" data-element_type=\"column\">\n\t\t\t<div class=\"elementor-widget-wrap elementor-element-populated\">\n\t\t\t\t\t\t<div class=\"elementor-element elementor-element-6796c92 elementor-widget elementor-widget-button\" data-id=\"6796c92\" data-element_type=\"widget\" data-widget_type=\"button.default\">\n\t\t\t\t<div class=\"elementor-widget-container\">\n\t\t\t\t\t\t\t\t\t<div class=\"elementor-button-wrapper\">\n\t\t\t\t\t<a class=\"elementor-button elementor-button-link elementor-size-sm\" href=\"https:\/\/igjarmugyartas.hu\/contact-us\/\">\n\t\t\t\t\t\t<span class=\"elementor-button-content-wrapper\">\n\t\t\t\t\t\t\t\t\t<span class=\"elementor-button-text\">Kapcsolat<\/span>\n\t\t\t\t\t<\/span>\n\t\t\t\t\t<\/a>\n\t\t\t\t<\/div>\n\t\t\t\t\t\t\t\t<\/div>\n\t\t\t\t<\/div>\n\t\t\t\t\t<\/div>\n\t\t<\/div>\n\t\t\t\t\t<\/div>\n\t\t<\/section>\n\t\t\t\t\t<\/div>\n\t\t<\/div>\n\t\t\t\t\t<\/div>\n\t\t<\/section>\n\t\t\t\t<section class=\"elementor-section elementor-top-section elementor-element elementor-element-afbc91b elementor-section-boxed elementor-section-height-default elementor-section-height-default\" data-id=\"afbc91b\" data-element_type=\"section\">\n\t\t\t\t\t\t<div class=\"elementor-container elementor-column-gap-default\">\n\t\t\t\t\t<div class=\"elementor-column elementor-col-50 elementor-top-column elementor-element elementor-element-cc8014b\" data-id=\"cc8014b\" data-element_type=\"column\">\n\t\t\t<div class=\"elementor-widget-wrap elementor-element-populated\">\n\t\t\t\t\t\t<div class=\"elementor-element elementor-element-2431c0d elementor-widget elementor-widget-spacer\" data-id=\"2431c0d\" data-element_type=\"widget\" data-widget_type=\"spacer.default\">\n\t\t\t\t<div class=\"elementor-widget-container\">\n\t\t\t\t\t\t\t<div class=\"elementor-spacer\">\n\t\t\t<div class=\"elementor-spacer-inner\"><\/div>\n\t\t<\/div>\n\t\t\t\t\t\t<\/div>\n\t\t\t\t<\/div>\n\t\t\t\t<div class=\"elementor-element elementor-element-67c3b1b elementor-widget elementor-widget-image\" data-id=\"67c3b1b\" data-element_type=\"widget\" data-widget_type=\"image.default\">\n\t\t\t\t<div class=\"elementor-widget-container\">\n\t\t\t\t\t\t\t\t\t\t\t\t\t\t\t<img fetchpriority=\"high\" decoding=\"async\" width=\"1024\" height=\"929\" src=\"https:\/\/igjarmugyartas.hu\/wp-content\/uploads\/2023\/10\/2.1-1024x929.png\" class=\"attachment-large size-large wp-image-1584\" alt=\"\" srcset=\"https:\/\/igjarmugyartas.hu\/wp-content\/uploads\/2023\/10\/2.1-1024x929.png 1024w, https:\/\/igjarmugyartas.hu\/wp-content\/uploads\/2023\/10\/2.1-300x272.png 300w, https:\/\/igjarmugyartas.hu\/wp-content\/uploads\/2023\/10\/2.1-768x696.png 768w, https:\/\/igjarmugyartas.hu\/wp-content\/uploads\/2023\/10\/2.1-1536x1393.png 1536w, https:\/\/igjarmugyartas.hu\/wp-content\/uploads\/2023\/10\/2.1-2048x1857.png 2048w\" sizes=\"(max-width: 1024px) 100vw, 1024px\" \/>\t\t\t\t\t\t\t\t\t\t\t\t\t\t\t<\/div>\n\t\t\t\t<\/div>\n\t\t\t\t\t<\/div>\n\t\t<\/div>\n\t\t\t\t<div class=\"elementor-column elementor-col-50 elementor-top-column elementor-element elementor-element-6776f79\" data-id=\"6776f79\" data-element_type=\"column\">\n\t\t\t<div class=\"elementor-widget-wrap elementor-element-populated\">\n\t\t\t\t\t\t<div class=\"elementor-element elementor-element-f32c436 elementor-widget elementor-widget-spacer\" data-id=\"f32c436\" data-element_type=\"widget\" data-widget_type=\"spacer.default\">\n\t\t\t\t<div class=\"elementor-widget-container\">\n\t\t\t\t\t\t\t<div class=\"elementor-spacer\">\n\t\t\t<div class=\"elementor-spacer-inner\"><\/div>\n\t\t<\/div>\n\t\t\t\t\t\t<\/div>\n\t\t\t\t<\/div>\n\t\t\t\t<div class=\"elementor-element elementor-element-aeff327 elementor-widget elementor-widget-heading\" data-id=\"aeff327\" data-element_type=\"widget\" data-widget_type=\"heading.default\">\n\t\t\t\t<div class=\"elementor-widget-container\">\n\t\t\t\t\t<h2 class=\"elementor-heading-title elementor-size-default\">Egyedi ig\u00e9nyekre szabott ipari p\u00f3tkocsi<\/h2>\t\t\t\t<\/div>\n\t\t\t\t<\/div>\n\t\t\t\t<div class=\"elementor-element elementor-element-e639157 elementor-widget elementor-widget-text-editor\" data-id=\"e639157\" data-element_type=\"widget\" data-widget_type=\"text-editor.default\">\n\t\t\t\t<div class=\"elementor-widget-container\">\n\t\t\t\t\t\t\t\t\t<p>C\u00e9g\u00fcnk nagy befogad\u00f3k\u00e9pess\u00e9g\u0171 egyedi kivitelez\u00e9ssel gy\u00e1rt ipari p\u00f3tkocsikat az ipar minden szegmens\u00e9re.<\/p>\n<ul>\n<li>V\u00e1laszthat\u00f3: vontatott ipari p\u00f3tkocsi<\/li>\n<li>\u00f6nj\u00e1r\u00f3 ipari platformok<\/li>\n<li>egyedi ipari sz\u00e1ll\u00edt\u00f3 eszk\u00f6z\u00f6k&nbsp;<\/li>\n<li>Minden p\u00f3tkocsi t\u00edpus bizony\u00edtv\u00e1nnyal, m\u0171szaki vizsg\u00e1val ell\u00e1tva valamint a rendsz\u00e1m kiv\u00e1lt\u00e1s\u00e1hoz sz\u00fcks\u00e9ges dokumentumokkal ker\u00fcl \u00e1tad\u00e1sra!<\/li>\n<\/ul>\n<div>Tervez\u0151 irod\u00e1nk felv\u00e1zolja majd a pontos\u00edt\u00e1s ut\u00e1n megrajzolja, a gy\u00e1rt\u00e1sunk elk\u00e9sz\u00edti azt az ipari platformot, mely az \u00d6n gy\u00e1rt\u00e1si folyamat\u00e1t a legmegfelel\u0151ben fogja seg\u00edteni.<\/div>\t\t\t\t\t\t\t\t<\/div>\n\t\t\t\t<\/div>\n\t\t\t\t\t<\/div>\n\t\t<\/div>\n\t\t\t\t\t<\/div>\n\t\t<\/section>\n\t\t\t\t<section class=\"elementor-section elementor-top-section elementor-element elementor-element-00310ca elementor-section-boxed elementor-section-height-default elementor-section-height-default\" data-id=\"00310ca\" data-element_type=\"section\">\n\t\t\t\t\t\t<div class=\"elementor-container elementor-column-gap-default\">\n\t\t\t\t\t<div class=\"elementor-column elementor-col-100 elementor-top-column elementor-element elementor-element-7bd2a43\" data-id=\"7bd2a43\" data-element_type=\"column\">\n\t\t\t<div class=\"elementor-widget-wrap elementor-element-populated\">\n\t\t\t\t\t\t<div class=\"elementor-element elementor-element-d5ba80b elementor-widget elementor-widget-image-gallery\" data-id=\"d5ba80b\" data-element_type=\"widget\" data-widget_type=\"image-gallery.default\">\n\t\t\t\t<div class=\"elementor-widget-container\">\n\t\t\t\t\t\t\t<div class=\"elementor-image-gallery\">\n\t\t\t<div id='gallery-1' class='gallery galleryid-1554 gallery-columns-4 gallery-size-thumbnail'><figure class='gallery-item'>\n\t\t\t<div class='gallery-icon landscape'>\n\t\t\t\t<a data-elementor-open-lightbox=\"yes\" data-elementor-lightbox-slideshow=\"d5ba80b\" data-elementor-lightbox-title=\"2.1\" data-e-action-hash=\"#elementor-action%3Aaction%3Dlightbox%26settings%3DeyJpZCI6MzM3NywidXJsIjoiaHR0cHM6XC9cL2lnamFybXVneWFydGFzLmh1XC93cC1jb250ZW50XC91cGxvYWRzXC8yMDI0XC8wN1wvMi4xLndlYnAiLCJzbGlkZXNob3ciOiJkNWJhODBiIn0%3D\" href='https:\/\/igjarmugyartas.hu\/wp-content\/uploads\/2024\/07\/2.1.webp'><img decoding=\"async\" width=\"150\" height=\"150\" src=\"https:\/\/igjarmugyartas.hu\/wp-content\/uploads\/2024\/07\/2.1-150x150.webp\" class=\"attachment-thumbnail size-thumbnail\" alt=\"\" \/><\/a>\n\t\t\t<\/div><\/figure><figure class='gallery-item'>\n\t\t\t<div class='gallery-icon landscape'>\n\t\t\t\t<a data-elementor-open-lightbox=\"yes\" data-elementor-lightbox-slideshow=\"d5ba80b\" data-elementor-lightbox-title=\"ipari platform 15m\" data-e-action-hash=\"#elementor-action%3Aaction%3Dlightbox%26settings%3DeyJpZCI6MzM3NiwidXJsIjoiaHR0cHM6XC9cL2lnamFybXVneWFydGFzLmh1XC93cC1jb250ZW50XC91cGxvYWRzXC8yMDI0XC8wN1wvaXBhcmktcGxhdGZvcm0tMTVtLndlYnAiLCJzbGlkZXNob3ciOiJkNWJhODBiIn0%3D\" href='https:\/\/igjarmugyartas.hu\/wp-content\/uploads\/2024\/07\/ipari-platform-15m.webp'><img decoding=\"async\" width=\"150\" height=\"150\" src=\"https:\/\/igjarmugyartas.hu\/wp-content\/uploads\/2024\/07\/ipari-platform-15m-150x150.webp\" class=\"attachment-thumbnail size-thumbnail\" alt=\"\" \/><\/a>\n\t\t\t<\/div><\/figure><figure class='gallery-item'>\n\t\t\t<div class='gallery-icon landscape'>\n\t\t\t\t<a data-elementor-open-lightbox=\"yes\" data-elementor-lightbox-slideshow=\"d5ba80b\" data-elementor-lightbox-title=\"IMG_2161\" data-e-action-hash=\"#elementor-action%3Aaction%3Dlightbox%26settings%3DeyJpZCI6MzM3OCwidXJsIjoiaHR0cHM6XC9cL2lnamFybXVneWFydGFzLmh1XC93cC1jb250ZW50XC91cGxvYWRzXC8yMDI0XC8wN1wvSU1HXzIxNjEtc2NhbGVkLndlYnAiLCJzbGlkZXNob3ciOiJkNWJhODBiIn0%3D\" href='https:\/\/igjarmugyartas.hu\/wp-content\/uploads\/2024\/07\/IMG_2161-scaled.webp'><img loading=\"lazy\" decoding=\"async\" width=\"150\" height=\"150\" src=\"https:\/\/igjarmugyartas.hu\/wp-content\/uploads\/2024\/07\/IMG_2161-150x150.webp\" class=\"attachment-thumbnail size-thumbnail\" alt=\"\" \/><\/a>\n\t\t\t<\/div><\/figure><figure class='gallery-item'>\n\t\t\t<div class='gallery-icon landscape'>\n\t\t\t\t<a data-elementor-open-lightbox=\"yes\" data-elementor-lightbox-slideshow=\"d5ba80b\" data-elementor-lightbox-title=\"IMG_0036\" data-e-action-hash=\"#elementor-action%3Aaction%3Dlightbox%26settings%3DeyJpZCI6MzM3NSwidXJsIjoiaHR0cHM6XC9cL2lnamFybXVneWFydGFzLmh1XC93cC1jb250ZW50XC91cGxvYWRzXC8yMDI0XC8wN1wvSU1HXzAwMzYtc2NhbGVkLndlYnAiLCJzbGlkZXNob3ciOiJkNWJhODBiIn0%3D\" href='https:\/\/igjarmugyartas.hu\/wp-content\/uploads\/2024\/07\/IMG_0036-scaled.webp'><img loading=\"lazy\" decoding=\"async\" width=\"150\" height=\"150\" src=\"https:\/\/igjarmugyartas.hu\/wp-content\/uploads\/2024\/07\/IMG_0036-150x150.webp\" class=\"attachment-thumbnail size-thumbnail\" alt=\"\" \/><\/a>\n\t\t\t<\/div><\/figure>\n\t\t<\/div>\n\t\t<\/div>\n\t\t\t\t\t\t<\/div>\n\t\t\t\t<\/div>\n\t\t\t\t\t<\/div>\n\t\t<\/div>\n\t\t\t\t\t<\/div>\n\t\t<\/section>\n\t\t\t\t<\/div>\n\t\t","protected":false},"excerpt":{"rendered":"<p>IGJ Ipari p\u00f3tkocsi gy\u00e1rt\u00e1s Kapcsolat Egyedi ig\u00e9nyekre szabott ipari p\u00f3tkocsi C\u00e9g\u00fcnk nagy befogad\u00f3k\u00e9pess\u00e9g\u0171 egyedi kivitelez\u00e9ssel gy\u00e1rt ipari p\u00f3tkocsikat az ipar minden szegmens\u00e9re. V\u00e1laszthat\u00f3: vontatott ipari p\u00f3tkocsi \u00f6nj\u00e1r\u00f3 ipari platformok egyedi ipari sz\u00e1ll\u00edt\u00f3 eszk\u00f6z\u00f6k&nbsp; Minden p\u00f3tkocsi t\u00edpus bizony\u00edtv\u00e1nnyal, m\u0171szaki vizsg\u00e1val ell\u00e1tva valamint a rendsz\u00e1m kiv\u00e1lt\u00e1s\u00e1hoz sz\u00fcks\u00e9ges dokumentumokkal ker\u00fcl \u00e1tad\u00e1sra! Tervez\u0151 irod\u00e1nk felv\u00e1zolja majd a pontos\u00edt\u00e1s ut\u00e1n [&hellip;]<\/p>\n","protected":false},"author":1,"featured_media":0,"parent":0,"menu_order":0,"comment_status":"closed","ping_status":"closed","template":"","meta":{"site-sidebar-layout":"no-sidebar","site-content-layout":"page-builder","ast-site-content-layout":"full-width-container","site-content-style":"default","site-sidebar-style":"default","ast-global-header-display":"","ast-banner-title-visibility":"","ast-main-header-display":"","ast-hfb-above-header-display":"","ast-hfb-below-header-display":"","ast-hfb-mobile-header-display":"","site-post-title":"disabled","ast-breadcrumbs-content":"","ast-featured-img":"disabled","footer-sml-layout":"","theme-transparent-header-meta":"","adv-header-id-meta":"","stick-header-meta":"","header-above-stick-meta":"","header-main-stick-meta":"","header-below-stick-meta":"","astra-migrate-meta-layouts":"set","ast-page-background-enabled":"default","ast-page-background-meta":{"desktop":{"background-color":"var(--ast-global-color-4)","background-image":"","background-repeat":"repeat","background-position":"center center","background-size":"auto","background-attachment":"scroll","background-type":"","background-media":"","overlay-type":"","overlay-color":"","overlay-opacity":"","overlay-gradient":""},"tablet":{"background-color":"","background-image":"","background-repeat":"repeat","background-position":"center center","background-size":"auto","background-attachment":"scroll","background-type":"","background-media":"","overlay-type":"","overlay-color":"","overlay-opacity":"","overlay-gradient":""},"mobile":{"background-color":"","background-image":"","background-repeat":"repeat","background-position":"center center","background-size":"auto","background-attachment":"scroll","background-type":"","background-media":"","overlay-type":"","overlay-color":"","overlay-opacity":"","overlay-gradient":""}},"ast-content-background-meta":{"desktop":{"background-color":"var(--ast-global-color-5)","background-image":"","background-repeat":"repeat","background-position":"center center","background-size":"auto","background-attachment":"scroll","background-type":"","background-media":"","overlay-type":"","overlay-color":"","overlay-opacity":"","overlay-gradient":""},"tablet":{"background-color":"var(--ast-global-color-5)","background-image":"","background-repeat":"repeat","background-position":"center center","background-size":"auto","background-attachment":"scroll","background-type":"","background-media":"","overlay-type":"","overlay-color":"","overlay-opacity":"","overlay-gradient":""},"mobile":{"background-color":"var(--ast-global-color-5)","background-image":"","background-repeat":"repeat","background-position":"center center","background-size":"auto","background-attachment":"scroll","background-type":"","background-media":"","overlay-type":"","overlay-color":"","overlay-opacity":"","overlay-gradient":""}},"footnotes":""},"class_list":["post-1554","page","type-page","status-publish","hentry"],"_links":{"self":[{"href":"https:\/\/igjarmugyartas.hu\/hu_hu\/wp-json\/wp\/v2\/pages\/1554","targetHints":{"allow":["GET"]}}],"collection":[{"href":"https:\/\/igjarmugyartas.hu\/hu_hu\/wp-json\/wp\/v2\/pages"}],"about":[{"href":"https:\/\/igjarmugyartas.hu\/hu_hu\/wp-json\/wp\/v2\/types\/page"}],"author":[{"embeddable":true,"href":"https:\/\/igjarmugyartas.hu\/hu_hu\/wp-json\/wp\/v2\/users\/1"}],"replies":[{"embeddable":true,"href":"https:\/\/igjarmugyartas.hu\/hu_hu\/wp-json\/wp\/v2\/comments?post=1554"}],"version-history":[{"count":49,"href":"https:\/\/igjarmugyartas.hu\/hu_hu\/wp-json\/wp\/v2\/pages\/1554\/revisions"}],"predecessor-version":[{"id":3386,"href":"https:\/\/igjarmugyartas.hu\/hu_hu\/wp-json\/wp\/v2\/pages\/1554\/revisions\/3386"}],"wp:attachment":[{"href":"https:\/\/igjarmugyartas.hu\/hu_hu\/wp-json\/wp\/v2\/media?parent=1554"}],"curies":[{"name":"wp","href":"https:\/\/api.w.org\/{rel}","templated":true}]}}