{"id":1589,"date":"2023-11-02T10:43:11","date_gmt":"2023-11-02T09:43:11","guid":{"rendered":"https:\/\/igjarmugyartas.hu\/?page_id=1589"},"modified":"2023-12-13T10:06:43","modified_gmt":"2023-12-13T09:06:43","slug":"igj-allat-es-balaszallito","status":"publish","type":"page","link":"https:\/\/igjarmugyartas.hu\/hu_hu\/igj-allat-es-balaszallito\/","title":{"rendered":"IGJ \u00e1llat \u00e9s b\u00e1lasz\u00e1ll\u00edt\u00f3"},"content":{"rendered":"\t\t<div data-elementor-type=\"wp-page\" data-elementor-id=\"1589\" class=\"elementor elementor-1589\">\n\t\t\t\t\t\t<section class=\"elementor-section elementor-top-section elementor-element elementor-element-1f6946e elementor-section-boxed elementor-section-height-default elementor-section-height-default\" data-id=\"1f6946e\" data-element_type=\"section\">\n\t\t\t\t\t\t<div class=\"elementor-container elementor-column-gap-default\">\n\t\t\t\t\t<div class=\"elementor-column elementor-col-100 elementor-top-column elementor-element elementor-element-24997f8\" data-id=\"24997f8\" data-element_type=\"column\">\n\t\t\t<div class=\"elementor-widget-wrap\">\n\t\t\t\t\t\t\t<\/div>\n\t\t<\/div>\n\t\t\t\t\t<\/div>\n\t\t<\/section>\n\t\t\t\t<section class=\"elementor-section elementor-top-section elementor-element elementor-element-f5eb0cc elementor-section-height-min-height elementor-section-boxed elementor-section-height-default elementor-section-items-middle\" data-id=\"f5eb0cc\" data-element_type=\"section\" data-settings=\"{&quot;background_background&quot;:&quot;slideshow&quot;,&quot;background_slideshow_gallery&quot;:[{&quot;id&quot;:1602,&quot;url&quot;:&quot;https:\\\/\\\/igjarmugyartas.hu\\\/wp-content\\\/uploads\\\/2023\\\/11\\\/IMG_0507-scaled.webp&quot;}],&quot;background_slideshow_loop&quot;:&quot;yes&quot;,&quot;background_slideshow_slide_duration&quot;:5000,&quot;background_slideshow_slide_transition&quot;:&quot;fade&quot;,&quot;background_slideshow_transition_duration&quot;:500}\">\n\t\t\t\t\t\t<div class=\"elementor-container elementor-column-gap-no\">\n\t\t\t\t\t<div class=\"elementor-column elementor-col-100 elementor-top-column elementor-element elementor-element-f898197\" data-id=\"f898197\" data-element_type=\"column\">\n\t\t\t<div class=\"elementor-widget-wrap elementor-element-populated\">\n\t\t\t\t\t\t<div class=\"elementor-element elementor-element-45935ab elementor-widget elementor-widget-heading\" data-id=\"45935ab\" data-element_type=\"widget\" data-widget_type=\"heading.default\">\n\t\t\t\t<div class=\"elementor-widget-container\">\n\t\t\t\t\t<h1 class=\"elementor-heading-title elementor-size-default\">IGJ \u00e1llat \u00e9s b\u00e1lasz\u00e1ll\u00edt\u00f3 \n\n\n\n\n<\/h1>\t\t\t\t<\/div>\n\t\t\t\t<\/div>\n\t\t\t\t<section class=\"elementor-section elementor-inner-section elementor-element elementor-element-265f54e elementor-section-boxed elementor-section-height-default elementor-section-height-default\" data-id=\"265f54e\" data-element_type=\"section\">\n\t\t\t\t\t\t<div class=\"elementor-container elementor-column-gap-default\">\n\t\t\t\t\t<div class=\"elementor-column elementor-col-100 elementor-inner-column elementor-element elementor-element-a222158\" data-id=\"a222158\" data-element_type=\"column\">\n\t\t\t<div class=\"elementor-widget-wrap elementor-element-populated\">\n\t\t\t\t\t\t<div class=\"elementor-element elementor-element-9a7e043 elementor-widget elementor-widget-button\" data-id=\"9a7e043\" data-element_type=\"widget\" data-widget_type=\"button.default\">\n\t\t\t\t<div class=\"elementor-widget-container\">\n\t\t\t\t\t\t\t\t\t<div class=\"elementor-button-wrapper\">\n\t\t\t\t\t<a class=\"elementor-button elementor-button-link elementor-size-sm\" href=\"https:\/\/igjarmugyartas.hu\/contact-us\/\">\n\t\t\t\t\t\t<span class=\"elementor-button-content-wrapper\">\n\t\t\t\t\t\t\t\t\t<span class=\"elementor-button-text\">Kapcsolat<\/span>\n\t\t\t\t\t<\/span>\n\t\t\t\t\t<\/a>\n\t\t\t\t<\/div>\n\t\t\t\t\t\t\t\t<\/div>\n\t\t\t\t<\/div>\n\t\t\t\t\t<\/div>\n\t\t<\/div>\n\t\t\t\t\t<\/div>\n\t\t<\/section>\n\t\t\t\t\t<\/div>\n\t\t<\/div>\n\t\t\t\t\t<\/div>\n\t\t<\/section>\n\t\t\t\t<section class=\"elementor-section elementor-top-section elementor-element elementor-element-14a24cf elementor-section-boxed elementor-section-height-default elementor-section-height-default\" data-id=\"14a24cf\" data-element_type=\"section\">\n\t\t\t\t\t\t<div class=\"elementor-container elementor-column-gap-default\">\n\t\t\t\t\t<div class=\"elementor-column elementor-col-50 elementor-top-column elementor-element elementor-element-3da7005\" data-id=\"3da7005\" data-element_type=\"column\">\n\t\t\t<div class=\"elementor-widget-wrap elementor-element-populated\">\n\t\t\t\t\t\t<div class=\"elementor-element elementor-element-c990020 elementor-widget elementor-widget-spacer\" data-id=\"c990020\" data-element_type=\"widget\" data-widget_type=\"spacer.default\">\n\t\t\t\t<div class=\"elementor-widget-container\">\n\t\t\t\t\t\t\t<div class=\"elementor-spacer\">\n\t\t\t<div class=\"elementor-spacer-inner\"><\/div>\n\t\t<\/div>\n\t\t\t\t\t\t<\/div>\n\t\t\t\t<\/div>\n\t\t\t\t<div class=\"elementor-element elementor-element-f2da146 elementor-widget elementor-widget-image\" data-id=\"f2da146\" data-element_type=\"widget\" data-widget_type=\"image.default\">\n\t\t\t\t<div class=\"elementor-widget-container\">\n\t\t\t\t\t\t\t\t\t\t\t\t\t\t\t<img fetchpriority=\"high\" decoding=\"async\" width=\"1024\" height=\"768\" src=\"https:\/\/igjarmugyartas.hu\/wp-content\/uploads\/2023\/11\/IMGP0301-1024x768.webp\" class=\"attachment-large size-large wp-image-1617\" alt=\"\" srcset=\"https:\/\/igjarmugyartas.hu\/wp-content\/uploads\/2023\/11\/IMGP0301-1024x768.webp 1024w, https:\/\/igjarmugyartas.hu\/wp-content\/uploads\/2023\/11\/IMGP0301-300x225.webp 300w, https:\/\/igjarmugyartas.hu\/wp-content\/uploads\/2023\/11\/IMGP0301-768x576.webp 768w, https:\/\/igjarmugyartas.hu\/wp-content\/uploads\/2023\/11\/IMGP0301-1536x1152.webp 1536w, https:\/\/igjarmugyartas.hu\/wp-content\/uploads\/2023\/11\/IMGP0301-2048x1536.webp 2048w\" sizes=\"(max-width: 1024px) 100vw, 1024px\" \/>\t\t\t\t\t\t\t\t\t\t\t\t\t\t\t<\/div>\n\t\t\t\t<\/div>\n\t\t\t\t\t<\/div>\n\t\t<\/div>\n\t\t\t\t<div class=\"elementor-column elementor-col-50 elementor-top-column elementor-element elementor-element-c62c1fb\" data-id=\"c62c1fb\" data-element_type=\"column\">\n\t\t\t<div class=\"elementor-widget-wrap elementor-element-populated\">\n\t\t\t\t\t\t<div class=\"elementor-element elementor-element-9476f95 elementor-widget elementor-widget-spacer\" data-id=\"9476f95\" data-element_type=\"widget\" data-widget_type=\"spacer.default\">\n\t\t\t\t<div class=\"elementor-widget-container\">\n\t\t\t\t\t\t\t<div class=\"elementor-spacer\">\n\t\t\t<div class=\"elementor-spacer-inner\"><\/div>\n\t\t<\/div>\n\t\t\t\t\t\t<\/div>\n\t\t\t\t<\/div>\n\t\t\t\t<div class=\"elementor-element elementor-element-51ddfa6 elementor-widget elementor-widget-heading\" data-id=\"51ddfa6\" data-element_type=\"widget\" data-widget_type=\"heading.default\">\n\t\t\t\t<div class=\"elementor-widget-container\">\n\t\t\t\t\t<h2 class=\"elementor-heading-title elementor-size-default\">B\u00e1lasz\u00e1ll\u00edt\u00f3 p\u00f3tkocsi <\/h2>\t\t\t\t<\/div>\n\t\t\t\t<\/div>\n\t\t\t\t<div class=\"elementor-element elementor-element-f4e8746 elementor-widget elementor-widget-text-editor\" data-id=\"f4e8746\" data-element_type=\"widget\" data-widget_type=\"text-editor.default\">\n\t\t\t\t<div class=\"elementor-widget-container\">\n\t\t\t\t\t\t\t\t\t<p>A b\u00e1lasz\u00e1ll\u00edt\u00f3 p\u00f3tkocsik a k\u00fcl\u00f6nb\u00f6z\u0151 alak\u00fa \u00e9s m\u00e9ret\u0171 b\u00e1l\u00e1k sz\u00e1ll\u00edt\u00e1s\u00e1ra speci\u00e1lisan kialak\u00edtott eszk\u00f6z\u00f6k. A b\u00e1lasz\u00e1ll\u00edt\u00f3 p\u00f3tkocsik seg\u00edts\u00e9g\u00e9vel a f\u00f6ldekr\u0151l a t\u00e1rol\u00e1s \u00e9s a felhaszn\u00e1l\u00e1s hely\u00e9re tov\u00e1bb\u00edthat\u00f3ak a b\u00e1l\u00e1k, ebbe term\u00e9szetesen sz\u00fcks\u00e9g eset\u00e9n a k\u00f6z\u00fati sz\u00e1ll\u00edt\u00e1s is bele\u00e9rtend\u0151. A traktor vontat\u00e1s\u00fa b\u00e1lasz\u00e1ll\u00edt\u00f3k \u00e1ltal\u00e1ban nagy kapacit\u00e1s\u00faak, hogy min\u00e9l gazdas\u00e1gosabban t\u00f6rt\u00e9nhessen a b\u00e1l\u00e1k mozgat\u00e1sa.<\/p><p>(Minden p\u00f3tkocsi t\u00edpus bizony\u00edtv\u00e1nnyal, m\u0171szaki vizsg\u00e1val ell\u00e1tva valamint a rendsz\u00e1m kiv\u00e1lt\u00e1s\u00e1hoz sz\u00fcks\u00e9ges dokumentumokkal ker\u00fcl \u00e1tad\u00e1sra!)<\/p>\t\t\t\t\t\t\t\t<\/div>\n\t\t\t\t<\/div>\n\t\t\t\t<div class=\"elementor-element elementor-element-1ab8c97 elementor-widget elementor-widget-accordion\" data-id=\"1ab8c97\" data-element_type=\"widget\" data-widget_type=\"accordion.default\">\n\t\t\t\t<div class=\"elementor-widget-container\">\n\t\t\t\t\t\t\t<div class=\"elementor-accordion\">\n\t\t\t\t\t\t\t<div class=\"elementor-accordion-item\">\n\t\t\t\t\t<div id=\"elementor-tab-title-2801\" class=\"elementor-tab-title\" data-tab=\"1\" role=\"button\" aria-controls=\"elementor-tab-content-2801\" aria-expanded=\"false\">\n\t\t\t\t\t\t\t\t\t\t\t\t\t<span class=\"elementor-accordion-icon elementor-accordion-icon-left\" aria-hidden=\"true\">\n\t\t\t\t\t\t\t\t\t\t\t\t\t\t\t<span class=\"elementor-accordion-icon-closed\"><i class=\"fas fa-plus\"><\/i><\/span>\n\t\t\t\t\t\t\t\t<span class=\"elementor-accordion-icon-opened\"><i class=\"fas fa-minus\"><\/i><\/span>\n\t\t\t\t\t\t\t\t\t\t\t\t\t\t<\/span>\n\t\t\t\t\t\t\t\t\t\t\t\t<a class=\"elementor-accordion-title\" tabindex=\"0\">\u00c1rjegyz\u00e9k<\/a>\n\t\t\t\t\t<\/div>\n\t\t\t\t\t<div id=\"elementor-tab-content-2801\" class=\"elementor-tab-content elementor-clearfix\" data-tab=\"1\" role=\"region\" aria-labelledby=\"elementor-tab-title-2801\"><p><span style=\"color: #339966;\"><a style=\"color: #339966;\" href=\"https:\/\/igj.hu\/images\/Ujarak\/2023\/Nagybefogad%C3%B3_k%C3%A9pess%C3%A9g%C5%B1_p%C3%B3tkocsik202301.pdf\" target=\"_blank\" rel=\"noopener\">let\u00f6lt\u00e9s<\/a><\/span><\/p><\/div>\n\t\t\t\t<\/div>\n\t\t\t\t\t\t\t\t<\/div>\n\t\t\t\t\t\t<\/div>\n\t\t\t\t<\/div>\n\t\t\t\t\t<\/div>\n\t\t<\/div>\n\t\t\t\t\t<\/div>\n\t\t<\/section>\n\t\t\t\t<section class=\"elementor-section elementor-top-section elementor-element elementor-element-f2e1edf elementor-section-boxed elementor-section-height-default elementor-section-height-default\" data-id=\"f2e1edf\" data-element_type=\"section\">\n\t\t\t\t\t\t<div class=\"elementor-container elementor-column-gap-default\">\n\t\t\t\t\t<div class=\"elementor-column elementor-col-50 elementor-top-column elementor-element elementor-element-a671b95\" data-id=\"a671b95\" data-element_type=\"column\">\n\t\t\t<div class=\"elementor-widget-wrap elementor-element-populated\">\n\t\t\t\t\t\t<div class=\"elementor-element elementor-element-e629522 elementor-widget elementor-widget-spacer\" data-id=\"e629522\" data-element_type=\"widget\" data-widget_type=\"spacer.default\">\n\t\t\t\t<div class=\"elementor-widget-container\">\n\t\t\t\t\t\t\t<div class=\"elementor-spacer\">\n\t\t\t<div class=\"elementor-spacer-inner\"><\/div>\n\t\t<\/div>\n\t\t\t\t\t\t<\/div>\n\t\t\t\t<\/div>\n\t\t\t\t<div class=\"elementor-element elementor-element-66c52d7 elementor-widget elementor-widget-heading\" data-id=\"66c52d7\" data-element_type=\"widget\" data-widget_type=\"heading.default\">\n\t\t\t\t<div class=\"elementor-widget-container\">\n\t\t\t\t\t<h2 class=\"elementor-heading-title elementor-size-default\">\u00c1llatsz\u00e1ll\u00edt\u00f3 p\u00f3tkocsi<\/h2>\t\t\t\t<\/div>\n\t\t\t\t<\/div>\n\t\t\t\t<div class=\"elementor-element elementor-element-629667c elementor-widget elementor-widget-text-editor\" data-id=\"629667c\" data-element_type=\"widget\" data-widget_type=\"text-editor.default\">\n\t\t\t\t<div class=\"elementor-widget-container\">\n\t\t\t\t\t\t\t\t\t<p>\u00c1llatsz\u00e1ll\u00edt\u00f3 p\u00f3tkocsink kiv\u00e1l\u00f3 min\u0151s\u00e9g\u0171, robusztus kivitel, megfelel az aktu\u00e1lis \u00e1llatv\u00e9delmi el\u0151\u00edr\u00e1soknak!<\/p><p>(Minden p\u00f3tkocsi t\u00edpus bizony\u00edtv\u00e1nnyal, m\u0171szaki vizsg\u00e1val ell\u00e1tva valamint a rendsz\u00e1m kiv\u00e1lt\u00e1s\u00e1hoz sz\u00fcks\u00e9ges dokumentumokkal ker\u00fcl \u00e1tad\u00e1sra!)<\/p>\t\t\t\t\t\t\t\t<\/div>\n\t\t\t\t<\/div>\n\t\t\t\t<div class=\"elementor-element elementor-element-06c68a0 elementor-widget elementor-widget-accordion\" data-id=\"06c68a0\" data-element_type=\"widget\" data-widget_type=\"accordion.default\">\n\t\t\t\t<div class=\"elementor-widget-container\">\n\t\t\t\t\t\t\t<div class=\"elementor-accordion\">\n\t\t\t\t\t\t\t<div class=\"elementor-accordion-item\">\n\t\t\t\t\t<div id=\"elementor-tab-title-7101\" class=\"elementor-tab-title\" data-tab=\"1\" role=\"button\" aria-controls=\"elementor-tab-content-7101\" aria-expanded=\"false\">\n\t\t\t\t\t\t\t\t\t\t\t\t\t<span class=\"elementor-accordion-icon elementor-accordion-icon-left\" aria-hidden=\"true\">\n\t\t\t\t\t\t\t\t\t\t\t\t\t\t\t<span class=\"elementor-accordion-icon-closed\"><i class=\"fas fa-plus\"><\/i><\/span>\n\t\t\t\t\t\t\t\t<span class=\"elementor-accordion-icon-opened\"><i class=\"fas fa-minus\"><\/i><\/span>\n\t\t\t\t\t\t\t\t\t\t\t\t\t\t<\/span>\n\t\t\t\t\t\t\t\t\t\t\t\t<a class=\"elementor-accordion-title\" tabindex=\"0\">\u00c1rjegyz\u00e9k<\/a>\n\t\t\t\t\t<\/div>\n\t\t\t\t\t<div id=\"elementor-tab-content-7101\" class=\"elementor-tab-content elementor-clearfix\" data-tab=\"1\" role=\"region\" aria-labelledby=\"elementor-tab-title-7101\"><p><span style=\"color: #339966;\"><a style=\"color: #339966;\" href=\"https:\/\/igj.hu\/images\/Ujarak\/2023\/Nagybefogad%C3%B3_k%C3%A9pess%C3%A9g%C5%B1_p%C3%B3tkocsik202301.pdf\" target=\"_blank\" rel=\"noopener\">let\u00f6lt\u00e9s<\/a><\/span><\/p><\/div>\n\t\t\t\t<\/div>\n\t\t\t\t\t\t\t\t<\/div>\n\t\t\t\t\t\t<\/div>\n\t\t\t\t<\/div>\n\t\t\t\t\t<\/div>\n\t\t<\/div>\n\t\t\t\t<div class=\"elementor-column elementor-col-50 elementor-top-column elementor-element elementor-element-5a20573\" data-id=\"5a20573\" data-element_type=\"column\">\n\t\t\t<div class=\"elementor-widget-wrap elementor-element-populated\">\n\t\t\t\t\t\t<div class=\"elementor-element elementor-element-6e2d149 elementor-widget elementor-widget-spacer\" data-id=\"6e2d149\" data-element_type=\"widget\" data-widget_type=\"spacer.default\">\n\t\t\t\t<div class=\"elementor-widget-container\">\n\t\t\t\t\t\t\t<div class=\"elementor-spacer\">\n\t\t\t<div class=\"elementor-spacer-inner\"><\/div>\n\t\t<\/div>\n\t\t\t\t\t\t<\/div>\n\t\t\t\t<\/div>\n\t\t\t\t<div class=\"elementor-element elementor-element-0148c5c elementor-widget elementor-widget-image\" data-id=\"0148c5c\" data-element_type=\"widget\" data-widget_type=\"image.default\">\n\t\t\t\t<div class=\"elementor-widget-container\">\n\t\t\t\t\t\t\t\t\t\t\t\t\t\t\t<img decoding=\"async\" width=\"1024\" height=\"768\" src=\"https:\/\/igjarmugyartas.hu\/wp-content\/uploads\/2023\/11\/IMG_0500-1-1024x768.webp\" class=\"attachment-large size-large wp-image-1629\" alt=\"\" srcset=\"https:\/\/igjarmugyartas.hu\/wp-content\/uploads\/2023\/11\/IMG_0500-1-1024x768.webp 1024w, https:\/\/igjarmugyartas.hu\/wp-content\/uploads\/2023\/11\/IMG_0500-1-300x225.webp 300w, https:\/\/igjarmugyartas.hu\/wp-content\/uploads\/2023\/11\/IMG_0500-1-768x576.webp 768w, https:\/\/igjarmugyartas.hu\/wp-content\/uploads\/2023\/11\/IMG_0500-1-1536x1152.webp 1536w, https:\/\/igjarmugyartas.hu\/wp-content\/uploads\/2023\/11\/IMG_0500-1-2048x1536.webp 2048w\" sizes=\"(max-width: 1024px) 100vw, 1024px\" \/>\t\t\t\t\t\t\t\t\t\t\t\t\t\t\t<\/div>\n\t\t\t\t<\/div>\n\t\t\t\t\t<\/div>\n\t\t<\/div>\n\t\t\t\t\t<\/div>\n\t\t<\/section>\n\t\t\t\t<\/div>\n\t\t","protected":false},"excerpt":{"rendered":"<p>IGJ \u00e1llat \u00e9s b\u00e1lasz\u00e1ll\u00edt\u00f3 Kapcsolat B\u00e1lasz\u00e1ll\u00edt\u00f3 p\u00f3tkocsi A b\u00e1lasz\u00e1ll\u00edt\u00f3 p\u00f3tkocsik a k\u00fcl\u00f6nb\u00f6z\u0151 alak\u00fa \u00e9s m\u00e9ret\u0171 b\u00e1l\u00e1k sz\u00e1ll\u00edt\u00e1s\u00e1ra speci\u00e1lisan kialak\u00edtott eszk\u00f6z\u00f6k. A b\u00e1lasz\u00e1ll\u00edt\u00f3 p\u00f3tkocsik seg\u00edts\u00e9g\u00e9vel a f\u00f6ldekr\u0151l a t\u00e1rol\u00e1s \u00e9s a felhaszn\u00e1l\u00e1s hely\u00e9re tov\u00e1bb\u00edthat\u00f3ak a b\u00e1l\u00e1k, ebbe term\u00e9szetesen sz\u00fcks\u00e9g eset\u00e9n a k\u00f6z\u00fati sz\u00e1ll\u00edt\u00e1s is bele\u00e9rtend\u0151. A traktor vontat\u00e1s\u00fa b\u00e1lasz\u00e1ll\u00edt\u00f3k \u00e1ltal\u00e1ban nagy kapacit\u00e1s\u00faak, hogy min\u00e9l gazdas\u00e1gosabban t\u00f6rt\u00e9nhessen [&hellip;]<\/p>\n","protected":false},"author":1,"featured_media":0,"parent":0,"menu_order":0,"comment_status":"closed","ping_status":"closed","template":"","meta":{"site-sidebar-layout":"no-sidebar","site-content-layout":"page-builder","ast-site-content-layout":"full-width-container","site-content-style":"default","site-sidebar-style":"default","ast-global-header-display":"","ast-banner-title-visibility":"","ast-main-header-display":"","ast-hfb-above-header-display":"","ast-hfb-below-header-display":"","ast-hfb-mobile-header-display":"","site-post-title":"disabled","ast-breadcrumbs-content":"","ast-featured-img":"disabled","footer-sml-layout":"","theme-transparent-header-meta":"","adv-header-id-meta":"","stick-header-meta":"","header-above-stick-meta":"","header-main-stick-meta":"","header-below-stick-meta":"","astra-migrate-meta-layouts":"set","ast-page-background-enabled":"default","ast-page-background-meta":{"desktop":{"background-color":"var(--ast-global-color-4)","background-image":"","background-repeat":"repeat","background-position":"center center","background-size":"auto","background-attachment":"scroll","background-type":"","background-media":"","overlay-type":"","overlay-color":"","overlay-opacity":"","overlay-gradient":""},"tablet":{"background-color":"","background-image":"","background-repeat":"repeat","background-position":"center center","background-size":"auto","background-attachment":"scroll","background-type":"","background-media":"","overlay-type":"","overlay-color":"","overlay-opacity":"","overlay-gradient":""},"mobile":{"background-color":"","background-image":"","background-repeat":"repeat","background-position":"center center","background-size":"auto","background-attachment":"scroll","background-type":"","background-media":"","overlay-type":"","overlay-color":"","overlay-opacity":"","overlay-gradient":""}},"ast-content-background-meta":{"desktop":{"background-color":"var(--ast-global-color-5)","background-image":"","background-repeat":"repeat","background-position":"center center","background-size":"auto","background-attachment":"scroll","background-type":"","background-media":"","overlay-type":"","overlay-color":"","overlay-opacity":"","overlay-gradient":""},"tablet":{"background-color":"var(--ast-global-color-5)","background-image":"","background-repeat":"repeat","background-position":"center center","background-size":"auto","background-attachment":"scroll","background-type":"","background-media":"","overlay-type":"","overlay-color":"","overlay-opacity":"","overlay-gradient":""},"mobile":{"background-color":"var(--ast-global-color-5)","background-image":"","background-repeat":"repeat","background-position":"center center","background-size":"auto","background-attachment":"scroll","background-type":"","background-media":"","overlay-type":"","overlay-color":"","overlay-opacity":"","overlay-gradient":""}},"footnotes":""},"class_list":["post-1589","page","type-page","status-publish","hentry"],"_links":{"self":[{"href":"https:\/\/igjarmugyartas.hu\/hu_hu\/wp-json\/wp\/v2\/pages\/1589","targetHints":{"allow":["GET"]}}],"collection":[{"href":"https:\/\/igjarmugyartas.hu\/hu_hu\/wp-json\/wp\/v2\/pages"}],"about":[{"href":"https:\/\/igjarmugyartas.hu\/hu_hu\/wp-json\/wp\/v2\/types\/page"}],"author":[{"embeddable":true,"href":"https:\/\/igjarmugyartas.hu\/hu_hu\/wp-json\/wp\/v2\/users\/1"}],"replies":[{"embeddable":true,"href":"https:\/\/igjarmugyartas.hu\/hu_hu\/wp-json\/wp\/v2\/comments?post=1589"}],"version-history":[{"count":58,"href":"https:\/\/igjarmugyartas.hu\/hu_hu\/wp-json\/wp\/v2\/pages\/1589\/revisions"}],"predecessor-version":[{"id":2980,"href":"https:\/\/igjarmugyartas.hu\/hu_hu\/wp-json\/wp\/v2\/pages\/1589\/revisions\/2980"}],"wp:attachment":[{"href":"https:\/\/igjarmugyartas.hu\/hu_hu\/wp-json\/wp\/v2\/media?parent=1589"}],"curies":[{"name":"wp","href":"https:\/\/api.w.org\/{rel}","templated":true}]}}